{"id":4483,"date":"2025-07-31T07:24:28","date_gmt":"2025-07-31T07:24:28","guid":{"rendered":"https:\/\/reindesa.pre.interdigital.biz\/avis-legal\/"},"modified":"2026-03-26T12:29:05","modified_gmt":"2026-03-26T12:29:05","slug":"avis-legal","status":"publish","type":"page","link":"https:\/\/www.reindesa.com\/ca\/avis-legal\/","title":{"rendered":"Av\u00eds legal"},"content":{"rendered":"\t\t<div data-elementor-type=\"wp-page\" data-elementor-id=\"4483\" class=\"elementor elementor-4483 elementor-2234\">\n\t\t\t\t<div class=\"elementor-element elementor-element-eb90a2e e-flex e-con-boxed wpr-particle-no wpr-jarallax-no wpr-parallax-no wpr-sticky-section-no e-con e-parent\" data-id=\"eb90a2e\" data-element_type=\"container\" data-settings=\"{&quot;background_background&quot;:&quot;classic&quot;}\">\n\t\t\t\t\t<div class=\"e-con-inner\">\n\t\t\t\t<div class=\"elementor-element elementor-element-ab235c2 elementor-widget elementor-widget-heading\" data-id=\"ab235c2\" data-element_type=\"widget\" data-widget_type=\"heading.default\">\n\t\t\t\t\t<h1 class=\"elementor-heading-title elementor-size-default\">Av\u00eds legal<\/h1>\t\t\t\t<\/div>\n\t\t\t\t\t<\/div>\n\t\t\t\t<\/div>\n\t\t<div class=\"elementor-element elementor-element-c42004c e-flex e-con-boxed wpr-particle-no wpr-jarallax-no wpr-parallax-no wpr-sticky-section-no elementor-invisible e-con e-parent\" data-id=\"c42004c\" data-element_type=\"container\" data-settings=\"{&quot;animation&quot;:&quot;slideInDown&quot;,&quot;animation_mobile&quot;:&quot;none&quot;}\">\n\t\t\t\t\t<div class=\"e-con-inner\">\n\t\t<div class=\"elementor-element elementor-element-dfe1e28 e-flex e-con-boxed wpr-particle-no wpr-jarallax-no wpr-parallax-no wpr-sticky-section-no elementor-invisible e-con e-child\" data-id=\"dfe1e28\" data-element_type=\"container\" data-settings=\"{&quot;animation&quot;:&quot;slideInRight&quot;}\">\n\t\t\t\t\t<div class=\"e-con-inner\">\n\t\t\t\t<div class=\"elementor-element elementor-element-9aa2942 elementor-widget elementor-widget-text-editor\" data-id=\"9aa2942\" data-element_type=\"widget\" data-widget_type=\"text-editor.default\">\n\t\t\t\t\t\t\t\t\t<p>En compliment de larticle 10 de la Llei 34\/2002, de 11 de juliol, de Serveis de la Societat de la Informaci\u00f3 i Comer\u00e7 Electr\u00f2nic, a continuaci\u00f3, sexposen les dades identificatives de lempresa propiet\u00e0ria daquest lloc web.<\/p><p>Nom: Piscines Reindesa, SL (d&#8217;ara endavant \u201cReindesa\u201d)<\/p><p>Domicili Social: c\/Moragas 36<\/p><p>08022.Barcelona (Barcelona)<\/p><p>CIF: B58525411<\/p><p>E-mail: <strong><a href=\"mailto:reindesa@reindesa.com\">reindesa@reindesa.com<\/a><\/strong><\/p><p><strong>Protecci\u00f3 de dades personals<\/strong><\/p><p>Les dades de car\u00e0cter personal que es recullen a trav\u00e9s d&#8217;aquesta p\u00e0gina web s\u00f3n \u00fanicament utilitzades per prestar els serveis sol\u00b7licitats aix\u00ed com procedir a la facturaci\u00f3 dels mateixos. Les seves dades seran ubicades en arxius titularitat de REINDESA a efectes de facturaci\u00f3 i seran arxivats pel per\u00edode de temps legalment necessari. Podeu exercitar els drets d&#8217;acc\u00e9s, rectificaci\u00f3, cancel\u00b7laci\u00f3 i oposici\u00f3 enviant-nos un correu electr\u00f2nic a <strong><a href=\"mailto:reindesa@reindesa.com\" target=\"_blank\" rel=\"noopener\">reindesa@reindesa.com<\/a><\/strong>  <\/p><p><strong>Propietat intel\u00b7lectual i responsabilitat sobre continguts:<\/strong><\/p><p>Queda prohibit qualsevol \u00fas de tots els continguts d&#8217;aquesta p\u00e0gina web, concretament sobre els textos, les imatges, el disseny i el codi font, sense l&#8217;autoritzaci\u00f3 expressa dels titulars. Qualsevol \u00fas no permetr\u00e0 ser degudament perseguit pels propietaris leg\u00edtims. <\/p><p>El titular de la p\u00e0gina web no es fa responsable dels continguts a qu\u00e8 es dirigeixen els enlla\u00e7os ubicats a la mateixa, segons el que estableix l&#8217;article 17 de la LSSIC.<\/p><p><strong>Contactar amb Reindesa:<\/strong><\/p><p>Per comunicar-se amb nosaltres, posem a la vostra disposici\u00f3 diferents mitjans de contacte que detallem a continuaci\u00f3:<\/p><p>Email: <strong><a href=\"mailto:reindesa@reindesa.com\" target=\"_blank\" rel=\"noopener\">reindesa@reindesa.com<\/a><\/strong><\/p><p>Adre\u00e7a postal: c\/Moragas 36, 08022. Barcelona (Barcelona) <\/p><p>Totes les notificacions i comunicacions entre els usuaris i <strong>REINDESA.COM<\/strong> es consideraran eficaces, amb car\u00e0cter general, quan es realitzin a trav\u00e9s de qualsevol mitj\u00e0 dels detallats anteriorment.<\/p>\t\t\t\t\t\t\t\t<\/div>\n\t\t\t\t\t<\/div>\n\t\t\t\t<\/div>\n\t\t\t\t\t<\/div>\n\t\t\t\t<\/div>\n\t\t\t\t<\/div>\n\t\t","protected":false},"excerpt":{"rendered":"<p>Av\u00eds legal En compliment de larticle 10 de la Llei 34\/2002, de 11 de juliol, de Serveis de la Societat de la Informaci\u00f3 i Comer\u00e7 Electr\u00f2nic, a continuaci\u00f3, sexposen les dades identificatives de lempresa propiet\u00e0ria daquest lloc web. Nom: Piscines Reindesa, SL (d&#8217;ara endavant \u201cReindesa\u201d) Domicili Social: c\/Moragas 36 08022.Barcelona (Barcelona) CIF: B58525411 E-mail: reindesa@reindesa.com Protecci\u00f3 de dades personals Les dades de car\u00e0cter personal que es recullen a trav\u00e9s d&#8217;aquesta p\u00e0gina web s\u00f3n \u00fanicament utilitzades per prestar els serveis sol\u00b7licitats aix\u00ed com procedir a la facturaci\u00f3 dels mateixos. Les seves dades seran ubicades en arxius titularitat de REINDESA a efectes de facturaci\u00f3 i seran arxivats pel per\u00edode de temps legalment necessari. Podeu exercitar els drets d&#8217;acc\u00e9s, rectificaci\u00f3, cancel\u00b7laci\u00f3 i oposici\u00f3 enviant-nos un correu electr\u00f2nic a reindesa@reindesa.com Propietat intel\u00b7lectual i responsabilitat sobre continguts: Queda prohibit qualsevol \u00fas de tots els continguts d&#8217;aquesta p\u00e0gina web, concretament sobre els textos, les imatges, el disseny i el codi font, sense l&#8217;autoritzaci\u00f3 expressa dels titulars. Qualsevol \u00fas no permetr\u00e0 ser degudament perseguit pels propietaris leg\u00edtims. El titular de la p\u00e0gina web no es fa responsable dels continguts a qu\u00e8 es dirigeixen els enlla\u00e7os ubicats a la mateixa, segons el que estableix l&#8217;article 17 de la LSSIC. Contactar amb Reindesa: Per comunicar-se amb nosaltres, posem a la vostra disposici\u00f3 diferents mitjans de contacte que detallem a continuaci\u00f3: Email: reindesa@reindesa.com Adre\u00e7a postal: c\/Moragas 36, 08022. Barcelona (Barcelona) Totes les notificacions i comunicacions entre els usuaris i REINDESA.COM es consideraran eficaces, amb car\u00e0cter general, quan es realitzin a trav\u00e9s de qualsevol mitj\u00e0 dels detallats anteriorment.<\/p>\n","protected":false},"author":1,"featured_media":0,"parent":0,"menu_order":0,"comment_status":"closed","ping_status":"closed","template":"elementor_canvas","meta":{"footnotes":""},"class_list":["post-4483","page","type-page","status-publish","hentry"],"yoast_head":"<!-- This site is optimized with the Yoast SEO plugin v27.2 - https:\/\/yoast.com\/product\/yoast-seo-wordpress\/ -->\n<title>Av\u00eds Legal - Reindesa Piscines | Termes i Condicions<\/title>\n<meta name=\"description\" content=\"Av\u00eds legal de Reindesa Piscines. Termes i condicions d&#039;\u00fas, informaci\u00f3 legal corporativa i condicions de contractaci\u00f3 de serveis de piscines.\" \/>\n<meta name=\"robots\" content=\"index, follow, max-snippet:-1, max-image-preview:large, max-video-preview:-1\" \/>\n<link rel=\"canonical\" href=\"https:\/\/www.reindesa.com\/ca\/avis-legal\/\" \/>\n<meta property=\"og:locale\" content=\"ca_ES\" \/>\n<meta property=\"og:type\" content=\"article\" \/>\n<meta property=\"og:title\" content=\"Av\u00eds Legal - Reindesa Piscines | Termes i Condicions\" \/>\n<meta property=\"og:description\" content=\"Av\u00eds legal de Reindesa Piscines. Termes i condicions d&#039;\u00fas, informaci\u00f3 legal corporativa i condicions de contractaci\u00f3 de serveis de piscines.\" \/>\n<meta property=\"og:url\" content=\"https:\/\/www.reindesa.com\/ca\/avis-legal\/\" \/>\n<meta property=\"og:site_name\" content=\"Reindesa Piscines - Construcci\u00f3n y Mantenimiento de Piscinas\" \/>\n<meta property=\"article:modified_time\" content=\"2026-03-26T12:29:05+00:00\" \/>\n<meta name=\"twitter:card\" content=\"summary_large_image\" \/>\n<meta name=\"twitter:label1\" content=\"Temps estimat de lectura\" \/>\n\t<meta name=\"twitter:data1\" content=\"2 minuts\" \/>\n<script type=\"application\/ld+json\" class=\"yoast-schema-graph\">{\"@context\":\"https:\/\/schema.org\",\"@graph\":[{\"@type\":\"WebPage\",\"@id\":\"https:\/\/www.reindesa.com\/ca\/avis-legal\/\",\"url\":\"https:\/\/www.reindesa.com\/ca\/avis-legal\/\",\"name\":\"Av\u00eds Legal - Reindesa Piscines | Termes i Condicions\",\"isPartOf\":{\"@id\":\"https:\/\/www.reindesa.com\/ca\/#website\"},\"datePublished\":\"2025-07-31T07:24:28+00:00\",\"dateModified\":\"2026-03-26T12:29:05+00:00\",\"description\":\"Av\u00eds legal de Reindesa Piscines. Termes i condicions d'\u00fas, informaci\u00f3 legal corporativa i condicions de contractaci\u00f3 de serveis de piscines.\",\"breadcrumb\":{\"@id\":\"https:\/\/www.reindesa.com\/ca\/avis-legal\/#breadcrumb\"},\"inLanguage\":\"ca\",\"potentialAction\":[{\"@type\":\"ReadAction\",\"target\":[\"https:\/\/www.reindesa.com\/ca\/avis-legal\/\"]}]},{\"@type\":\"BreadcrumbList\",\"@id\":\"https:\/\/www.reindesa.com\/ca\/avis-legal\/#breadcrumb\",\"itemListElement\":[{\"@type\":\"ListItem\",\"position\":1,\"name\":\"Portada\",\"item\":\"https:\/\/www.reindesa.com\/ca\/\"},{\"@type\":\"ListItem\",\"position\":2,\"name\":\"Av\u00eds legal\"}]},{\"@type\":\"WebSite\",\"@id\":\"https:\/\/www.reindesa.com\/ca\/#website\",\"url\":\"https:\/\/www.reindesa.com\/ca\/\",\"name\":\"Reindesa Piscines - Construcci\u00f3n y Mantenimiento de Piscinas\",\"description\":\"Expertos en piscinas desde 1968 en Barcelona, Girona y Tarragona\",\"publisher\":{\"@id\":\"https:\/\/www.reindesa.com\/ca\/#organization\"},\"potentialAction\":[{\"@type\":\"SearchAction\",\"target\":{\"@type\":\"EntryPoint\",\"urlTemplate\":\"https:\/\/www.reindesa.com\/ca\/?s={search_term_string}\"},\"query-input\":{\"@type\":\"PropertyValueSpecification\",\"valueRequired\":true,\"valueName\":\"search_term_string\"}}],\"inLanguage\":\"ca\"},{\"@type\":\"Organization\",\"@id\":\"https:\/\/www.reindesa.com\/ca\/#organization\",\"name\":\"Reindesa Piscines - Construcci\u00f3n y Mantenimiento de Piscinas\",\"url\":\"https:\/\/www.reindesa.com\/ca\/\",\"logo\":{\"@type\":\"ImageObject\",\"inLanguage\":\"ca\",\"@id\":\"https:\/\/www.reindesa.com\/ca\/#\/schema\/logo\/image\/\",\"url\":\"https:\/\/www.reindesa.com\/wp-content\/uploads\/2026\/02\/logo_insta.jpg\",\"contentUrl\":\"https:\/\/www.reindesa.com\/wp-content\/uploads\/2026\/02\/logo_insta.jpg\",\"width\":150,\"height\":150,\"caption\":\"Reindesa Piscines - Construcci\u00f3n y Mantenimiento de Piscinas\"},\"image\":{\"@id\":\"https:\/\/www.reindesa.com\/ca\/#\/schema\/logo\/image\/\"}}]}<\/script>\n<!-- \/ Yoast SEO plugin. -->","yoast_head_json":{"title":"Av\u00eds Legal - Reindesa Piscines | Termes i Condicions","description":"Av\u00eds legal de Reindesa Piscines. Termes i condicions d'\u00fas, informaci\u00f3 legal corporativa i condicions de contractaci\u00f3 de serveis de piscines.","robots":{"index":"index","follow":"follow","max-snippet":"max-snippet:-1","max-image-preview":"max-image-preview:large","max-video-preview":"max-video-preview:-1"},"canonical":"https:\/\/www.reindesa.com\/ca\/avis-legal\/","og_locale":"ca_ES","og_type":"article","og_title":"Av\u00eds Legal - Reindesa Piscines | Termes i Condicions","og_description":"Av\u00eds legal de Reindesa Piscines. Termes i condicions d'\u00fas, informaci\u00f3 legal corporativa i condicions de contractaci\u00f3 de serveis de piscines.","og_url":"https:\/\/www.reindesa.com\/ca\/avis-legal\/","og_site_name":"Reindesa Piscines - Construcci\u00f3n y Mantenimiento de Piscinas","article_modified_time":"2026-03-26T12:29:05+00:00","twitter_card":"summary_large_image","twitter_misc":{"Temps estimat de lectura":"2 minuts"},"schema":{"@context":"https:\/\/schema.org","@graph":[{"@type":"WebPage","@id":"https:\/\/www.reindesa.com\/ca\/avis-legal\/","url":"https:\/\/www.reindesa.com\/ca\/avis-legal\/","name":"Av\u00eds Legal - Reindesa Piscines | Termes i Condicions","isPartOf":{"@id":"https:\/\/www.reindesa.com\/ca\/#website"},"datePublished":"2025-07-31T07:24:28+00:00","dateModified":"2026-03-26T12:29:05+00:00","description":"Av\u00eds legal de Reindesa Piscines. Termes i condicions d'\u00fas, informaci\u00f3 legal corporativa i condicions de contractaci\u00f3 de serveis de piscines.","breadcrumb":{"@id":"https:\/\/www.reindesa.com\/ca\/avis-legal\/#breadcrumb"},"inLanguage":"ca","potentialAction":[{"@type":"ReadAction","target":["https:\/\/www.reindesa.com\/ca\/avis-legal\/"]}]},{"@type":"BreadcrumbList","@id":"https:\/\/www.reindesa.com\/ca\/avis-legal\/#breadcrumb","itemListElement":[{"@type":"ListItem","position":1,"name":"Portada","item":"https:\/\/www.reindesa.com\/ca\/"},{"@type":"ListItem","position":2,"name":"Av\u00eds legal"}]},{"@type":"WebSite","@id":"https:\/\/www.reindesa.com\/ca\/#website","url":"https:\/\/www.reindesa.com\/ca\/","name":"Reindesa Piscines - Construcci\u00f3n y Mantenimiento de Piscinas","description":"Expertos en piscinas desde 1968 en Barcelona, Girona y Tarragona","publisher":{"@id":"https:\/\/www.reindesa.com\/ca\/#organization"},"potentialAction":[{"@type":"SearchAction","target":{"@type":"EntryPoint","urlTemplate":"https:\/\/www.reindesa.com\/ca\/?s={search_term_string}"},"query-input":{"@type":"PropertyValueSpecification","valueRequired":true,"valueName":"search_term_string"}}],"inLanguage":"ca"},{"@type":"Organization","@id":"https:\/\/www.reindesa.com\/ca\/#organization","name":"Reindesa Piscines - Construcci\u00f3n y Mantenimiento de Piscinas","url":"https:\/\/www.reindesa.com\/ca\/","logo":{"@type":"ImageObject","inLanguage":"ca","@id":"https:\/\/www.reindesa.com\/ca\/#\/schema\/logo\/image\/","url":"https:\/\/www.reindesa.com\/wp-content\/uploads\/2026\/02\/logo_insta.jpg","contentUrl":"https:\/\/www.reindesa.com\/wp-content\/uploads\/2026\/02\/logo_insta.jpg","width":150,"height":150,"caption":"Reindesa Piscines - Construcci\u00f3n y Mantenimiento de Piscinas"},"image":{"@id":"https:\/\/www.reindesa.com\/ca\/#\/schema\/logo\/image\/"}}]}},"acf":[],"_links":{"self":[{"href":"https:\/\/www.reindesa.com\/ca\/wp-json\/wp\/v2\/pages\/4483","targetHints":{"allow":["GET"]}}],"collection":[{"href":"https:\/\/www.reindesa.com\/ca\/wp-json\/wp\/v2\/pages"}],"about":[{"href":"https:\/\/www.reindesa.com\/ca\/wp-json\/wp\/v2\/types\/page"}],"author":[{"embeddable":true,"href":"https:\/\/www.reindesa.com\/ca\/wp-json\/wp\/v2\/users\/1"}],"replies":[{"embeddable":true,"href":"https:\/\/www.reindesa.com\/ca\/wp-json\/wp\/v2\/comments?post=4483"}],"version-history":[{"count":2,"href":"https:\/\/www.reindesa.com\/ca\/wp-json\/wp\/v2\/pages\/4483\/revisions"}],"predecessor-version":[{"id":5199,"href":"https:\/\/www.reindesa.com\/ca\/wp-json\/wp\/v2\/pages\/4483\/revisions\/5199"}],"wp:attachment":[{"href":"https:\/\/www.reindesa.com\/ca\/wp-json\/wp\/v2\/media?parent=4483"}],"curies":[{"name":"wp","href":"https:\/\/api.w.org\/{rel}","templated":true}]}}