{"id":4485,"date":"2025-09-17T16:32:17","date_gmt":"2025-09-17T16:32:17","guid":{"rendered":"https:\/\/reindesa.pre.interdigital.biz\/politica-de-cookies\/"},"modified":"2026-03-26T12:34:02","modified_gmt":"2026-03-26T12:34:02","slug":"politica-de-cookies","status":"publish","type":"page","link":"https:\/\/www.reindesa.com\/ca\/politica-de-cookies\/","title":{"rendered":"Pol\u00edtica de cookies"},"content":{"rendered":"\t\t<div data-elementor-type=\"wp-page\" data-elementor-id=\"4485\" class=\"elementor elementor-4485 elementor-2562\">\n\t\t\t\t<div class=\"elementor-element elementor-element-eb90a2e e-flex e-con-boxed wpr-particle-no wpr-jarallax-no wpr-parallax-no wpr-sticky-section-no e-con e-parent\" data-id=\"eb90a2e\" data-element_type=\"container\" data-settings=\"{&quot;background_background&quot;:&quot;classic&quot;}\">\n\t\t\t\t\t<div class=\"e-con-inner\">\n\t\t\t\t<div class=\"elementor-element elementor-element-ab235c2 elementor-widget elementor-widget-heading\" data-id=\"ab235c2\" data-element_type=\"widget\" data-widget_type=\"heading.default\">\n\t\t\t\t\t<h1 class=\"elementor-heading-title elementor-size-default\">Pol\u00edtica de Cookies<\/h1>\t\t\t\t<\/div>\n\t\t\t\t\t<\/div>\n\t\t\t\t<\/div>\n\t\t<div class=\"elementor-element elementor-element-c42004c e-flex e-con-boxed wpr-particle-no wpr-jarallax-no wpr-parallax-no wpr-sticky-section-no elementor-invisible e-con e-parent\" data-id=\"c42004c\" data-element_type=\"container\" data-settings=\"{&quot;animation&quot;:&quot;slideInDown&quot;,&quot;animation_mobile&quot;:&quot;none&quot;}\">\n\t\t\t\t\t<div class=\"e-con-inner\">\n\t\t<div class=\"elementor-element elementor-element-dfe1e28 e-flex e-con-boxed wpr-particle-no wpr-jarallax-no wpr-parallax-no wpr-sticky-section-no elementor-invisible e-con e-child\" data-id=\"dfe1e28\" data-element_type=\"container\" data-settings=\"{&quot;animation&quot;:&quot;slideInRight&quot;}\">\n\t\t\t\t\t<div class=\"e-con-inner\">\n\t\t\t\t<div class=\"elementor-element elementor-element-9aa2942 elementor-widget elementor-widget-text-editor\" data-id=\"9aa2942\" data-element_type=\"widget\" data-widget_type=\"text-editor.default\">\n\t\t\t\t\t\t\t\t\t<h3 data-start=\"156\" data-end=\"210\">1. Identificaci\u00f3 del Responsable del Tractament<\/h3><p data-start=\"211\" data-end=\"308\">El responsable del tractament de les dades recollides a trav\u00e9s de cookies en aquest lloc web \u00e9s:<\/p><p data-start=\"310\" data-end=\"511\"><strong data-start=\"310\" data-end=\"335\">Piscines Reindesa, SL<\/strong> (d&#8217;ara endavant, \u201cReindesa\u201d)<br data-start=\"361\" data-end=\"364\"> <strong data-start=\"364\" data-end=\"372\">CIF:<\/strong> B58525411<br data-start=\"382\" data-end=\"385\"> <strong data-start=\"385\" data-end=\"406\">Domicili social:<\/strong> <a href=\"https:\/\/maps.app.goo.gl\/iax8UV4kBvqianGR7\" target=\"_blank\" rel=\"noopener\"><strong>c\/ Moragas 36, 08022 Barcelona (Barcelona)<\/strong><\/a><br data-start=\"449\" data-end=\"452\"> <strong data-start=\"452\" data-end=\"487\">Correu electr\u00f2nic de contacte:<\/strong> <strong><a class=\"decorated-link cursor-pointer\" href=\"mailto:reindesa@reindesa.com\" target=\"_blank\" rel=\"noopener\" data-start=\"488\" data-end=\"509\">reindesa@reindesa.com<\/a><\/strong><\/p><h3 data-start=\"513\" data-end=\"542\">2. Qu\u00e8 s\u00f3n les galetes?<\/h3><p data-start=\"543\" data-end=\"966\">Una galeta \u00e9s un petit fitxer que es descarrega al dispositiu de l&#8217;usuari (ordinador, smartphone, tablet, etc.) en accedir a determinades p\u00e0gines web. Les galetes permeten, entre altres coses, emmagatzemar i recuperar informaci\u00f3 sobre els h\u00e0bits de navegaci\u00f3 de l&#8217;usuari o del seu equip, i depenent de la informaci\u00f3 que continguin i de la manera com utilitzi el seu equip, es poden utilitzar per recon\u00e8ixer l&#8217;usuari. <\/p><h3 data-start=\"968\" data-end=\"1003\">3. Tipus de cookies utilitzades<\/h3><h5 data-start=\"1005\" data-end=\"1050\">3.1. Segons l&#8217;entitat que les gestioni:<\/h5><ul data-start=\"1051\" data-end=\"1286\"><li data-start=\"1051\" data-end=\"1138\"><p data-start=\"1053\" data-end=\"1138\"><strong data-start=\"1053\" data-end=\"1073\">Cookies pr\u00f2pies:<\/strong> S\u00f3n aquelles enviades i gestionades directament per Reindesa.<\/p><\/li><li data-start=\"1139\" data-end=\"1286\"><p data-start=\"1141\" data-end=\"1286\"><strong data-start=\"1141\" data-end=\"1165\">Galetes de tercers:<\/strong> S\u00f3n aquelles que s&#8217;envien al dispositiu de l&#8217;usuari des d&#8217;un domini gestionat per una altra entitat externa a Reindesa.<\/p><\/li><\/ul><h5 data-start=\"1288\" data-end=\"1349\">3.2. Segons el termini de temps que romanen activades:<\/h5><ul data-start=\"1350\" data-end=\"1651\"><li data-start=\"1350\" data-end=\"1439\"><p data-start=\"1352\" data-end=\"1439\"><strong data-start=\"1352\" data-end=\"1374\">Cookies de sessi\u00f3:<\/strong> Recapten i emmagatzemen dades mentre l&#8217;usuari accedeix a la web.<\/p><\/li><li data-start=\"1440\" data-end=\"1651\"><p data-start=\"1442\" data-end=\"1651\"><strong data-start=\"1442\" data-end=\"1467\">Cookies persistents:<\/strong> Les dades romanen emmagatzemades al terminal i poden ser accedides i tractades durant un per\u00edode definit pel responsable de la galeta (des d&#8217;uns minuts fins a diversos anys).<\/p><\/li><\/ul><h5 data-start=\"1653\" data-end=\"1683\">3.3. Segons la finalitat:<\/h5><ul data-start=\"1684\" data-end=\"2328\"><li data-start=\"1684\" data-end=\"1791\"><p data-start=\"1686\" data-end=\"1791\"><strong data-start=\"1686\" data-end=\"1707\">Galetes t\u00e8cniques:<\/strong> Permeten la navegaci\u00f3 i l&#8217;\u00fas de les diferents opcions o serveis de la web.<\/p><\/li><li data-start=\"1792\" data-end=\"1928\"><p data-start=\"1794\" data-end=\"1928\"><strong data-start=\"1794\" data-end=\"1825\">Galetes de personalitzaci\u00f3:<\/strong> Permeten accedir al servei amb caracter\u00edstiques predefinides com l&#8217;idioma o el tipus de navegador.<\/p><\/li><li data-start=\"1929\" data-end=\"2068\"><p data-start=\"1931\" data-end=\"2068\"><strong data-start=\"1931\" data-end=\"1955\">Galetes d&#8217;an\u00e0lisi:<\/strong> Permeten el seguiment i l&#8217;an\u00e0lisi del comportament dels usuaris per introduir millores al lloc web.<\/p><\/li><li data-start=\"2069\" data-end=\"2170\"><p data-start=\"2071\" data-end=\"2170\"><strong data-start=\"2071\" data-end=\"2097\">Cookies publicit\u00e0ries:<\/strong> Permeten la gesti\u00f3 dels espais publicitaris inclosos a la web.<\/p><\/li><li data-start=\"2171\" data-end=\"2328\"><p data-start=\"2173\" data-end=\"2328\"><strong data-start=\"2173\" data-end=\"2214\">Cookies de publicitat comportamental:<\/strong> Emmagatzemen informaci\u00f3 sobre els h\u00e0bits de navegaci\u00f3 dels usuaris per mostrar publicitat personalitzada.<\/p><\/li><\/ul><h3 data-start=\"2330\" data-end=\"2384\">4. Cookies concretes utilitzades en aquest lloc web<\/h3><p data-start=\"2386\" data-end=\"2434\">A Reindesa utilitzem les cookies seg\u00fcents:<\/p><ul data-start=\"2436\" data-end=\"2968\"><li data-start=\"2436\" data-end=\"2581\"><p data-start=\"2438\" data-end=\"2475\"><strong data-start=\"2438\" data-end=\"2449\">COOKIE:<\/strong> reindesa_cookiesConsent<\/p><ul data-start=\"2478\" data-end=\"2581\"><li data-start=\"2478\" data-end=\"2501\"><p data-start=\"2480\" data-end=\"2501\"><strong data-start=\"2480\" data-end=\"2493\">Durada:<\/strong> 1 any<\/p><\/li><li data-start=\"2504\" data-end=\"2581\"><p data-start=\"2506\" data-end=\"2581\"><strong data-start=\"2506\" data-end=\"2520\">Finalitat:<\/strong> Recordeu si l&#8217;usuari ha acceptat la pol\u00edtica de cookies.<\/p><\/li><\/ul><\/li><li data-start=\"2583\" data-end=\"2741\"><p data-start=\"2585\" data-end=\"2626\"><strong data-start=\"2585\" data-end=\"2596\">COOKIE:<\/strong> reindesa_cookiesPreferences<\/p><ul data-start=\"2629\" data-end=\"2741\"><li data-start=\"2629\" data-end=\"2652\"><p data-start=\"2631\" data-end=\"2652\"><strong data-start=\"2631\" data-end=\"2644\">Durada:<\/strong> 1 any<\/p><\/li><li data-start=\"2655\" data-end=\"2741\"><p data-start=\"2657\" data-end=\"2741\"><strong data-start=\"2657\" data-end=\"2671\">Finalitat:<\/strong> Emmagatzemar les prefer\u00e8ncies de galetes seleccionades per l&#8217;usuari.<\/p><\/li><\/ul><\/li><li data-start=\"2743\" data-end=\"2968\"><p data-start=\"2745\" data-end=\"2793\"><strong data-start=\"2745\" data-end=\"2756\">COOKIE:<\/strong> Google Analytics (_ga, _gid, _gat)<\/p><ul data-start=\"2796\" data-end=\"2968\"><li data-start=\"2796\" data-end=\"2842\"><p data-start=\"2798\" data-end=\"2842\"><strong data-start=\"2798\" data-end=\"2811\">Durada:<\/strong> 2 anys \/ 24 hores \/ 1 minut<\/p><\/li><li data-start=\"2845\" data-end=\"2968\"><p data-start=\"2847\" data-end=\"2968\"><strong data-start=\"2847\" data-end=\"2861\">Finalitat:<\/strong> Permetre l&#8217;an\u00e0lisi de la navegaci\u00f3 dels usuaris a la web per millorar els continguts i serveis.<\/p><\/li><\/ul><\/li><\/ul><p data-start=\"2970\" data-end=\"3118\"><em data-start=\"2970\" data-end=\"3116\">(Pots afegir o treure cookies espec\u00edfiques segons les que realment faci servir la teva web, per exemple de xarxes socials, formularis, reproductors, etc.)<\/em><\/p><h3 data-start=\"3120\" data-end=\"3150\">5. Gesti\u00f3 de les cookies<\/h3><p data-start=\"3151\" data-end=\"3314\">En qualsevol moment, l&#8217;usuari pot permetre, bloquejar o eliminar les cookies instal\u00b7lades al vostre equip mitjan\u00e7ant la configuraci\u00f3 de les opcions del navegador:<\/p><ul><li>Google Chrome<\/li><li>Mozilla Firefox<\/li><li>Microsoft Edge<\/li><li>Safari<\/li><\/ul><p> <\/p><p>La desactivaci\u00f3 de cookies pot afectar el funcionament correcte del lloc web.<\/p><h3 data-start=\"3720\" data-end=\"3764\">6. Acceptaci\u00f3 de la pol\u00edtica de cookies<\/h3><p data-start=\"3765\" data-end=\"3944\">En continuar navegant per aquest lloc web s&#8217;ent\u00e9n que l&#8217;usuari accepta la instal\u00b7laci\u00f3 i \u00fas de les galetes en les condicions contingudes a la present Pol\u00edtica de Cookies.<\/p>\t\t\t\t\t\t\t\t<\/div>\n\t\t\t\t\t<\/div>\n\t\t\t\t<\/div>\n\t\t\t\t\t<\/div>\n\t\t\t\t<\/div>\n\t\t\t\t<\/div>\n\t\t","protected":false},"excerpt":{"rendered":"<p>Pol\u00edtica de Cookies 1. Identificaci\u00f3 del Responsable del Tractament El responsable del tractament de les dades recollides a trav\u00e9s de cookies en aquest lloc web \u00e9s: Piscines Reindesa, SL (d&#8217;ara endavant, \u201cReindesa\u201d) CIF: B58525411 Domicili social: c\/ Moragas 36, 08022 Barcelona (Barcelona) Correu electr\u00f2nic de contacte: reindesa@reindesa.com 2. Qu\u00e8 s\u00f3n les galetes? Una galeta \u00e9s un petit fitxer que es descarrega al dispositiu de l&#8217;usuari (ordinador, smartphone, tablet, etc.) en accedir a determinades p\u00e0gines web. Les galetes permeten, entre altres coses, emmagatzemar i recuperar informaci\u00f3 sobre els h\u00e0bits de navegaci\u00f3 de l&#8217;usuari o del seu equip, i depenent de la informaci\u00f3 que continguin i de la manera com utilitzi el seu equip, es poden utilitzar per recon\u00e8ixer l&#8217;usuari. 3. Tipus de cookies utilitzades 3.1. Segons l&#8217;entitat que les gestioni: Cookies pr\u00f2pies: S\u00f3n aquelles enviades i gestionades directament per Reindesa. Galetes de tercers: S\u00f3n aquelles que s&#8217;envien al dispositiu de l&#8217;usuari des d&#8217;un domini gestionat per una altra entitat externa a Reindesa. 3.2. Segons el termini de temps que romanen activades: Cookies de sessi\u00f3: Recapten i emmagatzemen dades mentre l&#8217;usuari accedeix a la web. Cookies persistents: Les dades romanen emmagatzemades al terminal i poden ser accedides i tractades durant un per\u00edode definit pel responsable de la galeta (des d&#8217;uns minuts fins a diversos anys). 3.3. Segons la finalitat: Galetes t\u00e8cniques: Permeten la navegaci\u00f3 i l&#8217;\u00fas de les diferents opcions o serveis de la web. Galetes de personalitzaci\u00f3: Permeten accedir al servei amb caracter\u00edstiques predefinides com l&#8217;idioma o el tipus de navegador. Galetes d&#8217;an\u00e0lisi: Permeten el seguiment i l&#8217;an\u00e0lisi del comportament dels usuaris per introduir millores al lloc web. Cookies publicit\u00e0ries: Permeten la gesti\u00f3 dels espais publicitaris inclosos a la web. Cookies de publicitat comportamental: Emmagatzemen informaci\u00f3 sobre els h\u00e0bits de navegaci\u00f3 dels usuaris per mostrar publicitat personalitzada. 4. Cookies concretes utilitzades en aquest lloc web A Reindesa utilitzem les cookies seg\u00fcents: COOKIE: reindesa_cookiesConsent Durada: 1 any Finalitat: Recordeu si l&#8217;usuari ha acceptat la pol\u00edtica de cookies. COOKIE: reindesa_cookiesPreferences Durada: 1 any Finalitat: Emmagatzemar les prefer\u00e8ncies de galetes seleccionades per l&#8217;usuari. COOKIE: Google Analytics (_ga, _gid, _gat) Durada: 2 anys \/ 24 hores \/ 1 minut Finalitat: Permetre l&#8217;an\u00e0lisi de la navegaci\u00f3 dels usuaris a la web per millorar els continguts i serveis. (Pots afegir o treure cookies espec\u00edfiques segons les que realment faci servir la teva web, per exemple de xarxes socials, formularis, reproductors, etc.) 5. Gesti\u00f3 de les cookies En qualsevol moment, l&#8217;usuari pot permetre, bloquejar o eliminar les cookies instal\u00b7lades al vostre equip mitjan\u00e7ant la configuraci\u00f3 de les opcions del navegador: Google Chrome Mozilla Firefox Microsoft Edge Safari La desactivaci\u00f3 de cookies pot afectar el funcionament correcte del lloc web. 6. Acceptaci\u00f3 de la pol\u00edtica de cookies En continuar navegant per aquest lloc web s&#8217;ent\u00e9n que l&#8217;usuari accepta la instal\u00b7laci\u00f3 i \u00fas de les galetes en les condicions contingudes a la present Pol\u00edtica de Cookies.<\/p>\n","protected":false},"author":2,"featured_media":0,"parent":0,"menu_order":0,"comment_status":"closed","ping_status":"closed","template":"elementor_canvas","meta":{"footnotes":""},"class_list":["post-4485","page","type-page","status-publish","hentry"],"yoast_head":"<!-- This site is optimized with the Yoast SEO plugin v27.2 - https:\/\/yoast.com\/product\/yoast-seo-wordpress\/ -->\n<title>Pol\u00edtica de Cookies - Reindesa Piscines | Uso de Cookies<\/title>\n<meta name=\"description\" content=\"Pol\u00edtica de cookies de Reindesa Piscines. Informaci\u00f3n sobre el uso de cookies en nuestro sitio web, tipos de cookies y c\u00f3mo gestionarlas.\" \/>\n<meta name=\"robots\" content=\"index, follow, max-snippet:-1, max-image-preview:large, max-video-preview:-1\" \/>\n<link rel=\"canonical\" href=\"https:\/\/www.reindesa.com\/ca\/politica-de-cookies\/\" \/>\n<meta property=\"og:locale\" content=\"ca_ES\" \/>\n<meta property=\"og:type\" content=\"article\" \/>\n<meta property=\"og:title\" content=\"Pol\u00edtica de Cookies - Reindesa Piscines | Uso de Cookies\" \/>\n<meta property=\"og:description\" content=\"Pol\u00edtica de cookies de Reindesa Piscines. Informaci\u00f3n sobre el uso de cookies en nuestro sitio web, tipos de cookies y c\u00f3mo gestionarlas.\" \/>\n<meta property=\"og:url\" content=\"https:\/\/www.reindesa.com\/ca\/politica-de-cookies\/\" \/>\n<meta property=\"og:site_name\" content=\"Reindesa Piscines - Construcci\u00f3n y Mantenimiento de Piscinas\" \/>\n<meta property=\"article:modified_time\" content=\"2026-03-26T12:34:02+00:00\" \/>\n<meta name=\"twitter:card\" content=\"summary_large_image\" \/>\n<meta name=\"twitter:label1\" content=\"Temps estimat de lectura\" \/>\n\t<meta name=\"twitter:data1\" content=\"3 minuts\" \/>\n<script type=\"application\/ld+json\" class=\"yoast-schema-graph\">{\"@context\":\"https:\/\/schema.org\",\"@graph\":[{\"@type\":\"WebPage\",\"@id\":\"https:\/\/www.reindesa.com\/ca\/politica-de-cookies\/\",\"url\":\"https:\/\/www.reindesa.com\/ca\/politica-de-cookies\/\",\"name\":\"Pol\u00edtica de Cookies - Reindesa Piscines | Uso de Cookies\",\"isPartOf\":{\"@id\":\"https:\/\/www.reindesa.com\/ca\/#website\"},\"datePublished\":\"2025-09-17T16:32:17+00:00\",\"dateModified\":\"2026-03-26T12:34:02+00:00\",\"description\":\"Pol\u00edtica de cookies de Reindesa Piscines. Informaci\u00f3n sobre el uso de cookies en nuestro sitio web, tipos de cookies y c\u00f3mo gestionarlas.\",\"breadcrumb\":{\"@id\":\"https:\/\/www.reindesa.com\/ca\/politica-de-cookies\/#breadcrumb\"},\"inLanguage\":\"ca\",\"potentialAction\":[{\"@type\":\"ReadAction\",\"target\":[\"https:\/\/www.reindesa.com\/ca\/politica-de-cookies\/\"]}]},{\"@type\":\"BreadcrumbList\",\"@id\":\"https:\/\/www.reindesa.com\/ca\/politica-de-cookies\/#breadcrumb\",\"itemListElement\":[{\"@type\":\"ListItem\",\"position\":1,\"name\":\"Portada\",\"item\":\"https:\/\/www.reindesa.com\/ca\/\"},{\"@type\":\"ListItem\",\"position\":2,\"name\":\"Pol\u00edtica de cookies\"}]},{\"@type\":\"WebSite\",\"@id\":\"https:\/\/www.reindesa.com\/ca\/#website\",\"url\":\"https:\/\/www.reindesa.com\/ca\/\",\"name\":\"Reindesa Piscines - Construcci\u00f3n y Mantenimiento de Piscinas\",\"description\":\"Expertos en piscinas desde 1968 en Barcelona, Girona y Tarragona\",\"publisher\":{\"@id\":\"https:\/\/www.reindesa.com\/ca\/#organization\"},\"potentialAction\":[{\"@type\":\"SearchAction\",\"target\":{\"@type\":\"EntryPoint\",\"urlTemplate\":\"https:\/\/www.reindesa.com\/ca\/?s={search_term_string}\"},\"query-input\":{\"@type\":\"PropertyValueSpecification\",\"valueRequired\":true,\"valueName\":\"search_term_string\"}}],\"inLanguage\":\"ca\"},{\"@type\":\"Organization\",\"@id\":\"https:\/\/www.reindesa.com\/ca\/#organization\",\"name\":\"Reindesa Piscines - Construcci\u00f3n y Mantenimiento de Piscinas\",\"url\":\"https:\/\/www.reindesa.com\/ca\/\",\"logo\":{\"@type\":\"ImageObject\",\"inLanguage\":\"ca\",\"@id\":\"https:\/\/www.reindesa.com\/ca\/#\/schema\/logo\/image\/\",\"url\":\"https:\/\/www.reindesa.com\/wp-content\/uploads\/2026\/02\/logo_insta.jpg\",\"contentUrl\":\"https:\/\/www.reindesa.com\/wp-content\/uploads\/2026\/02\/logo_insta.jpg\",\"width\":150,\"height\":150,\"caption\":\"Reindesa Piscines - Construcci\u00f3n y Mantenimiento de Piscinas\"},\"image\":{\"@id\":\"https:\/\/www.reindesa.com\/ca\/#\/schema\/logo\/image\/\"}}]}<\/script>\n<!-- \/ Yoast SEO plugin. -->","yoast_head_json":{"title":"Pol\u00edtica de Cookies - Reindesa Piscines | Uso de Cookies","description":"Pol\u00edtica de cookies de Reindesa Piscines. Informaci\u00f3n sobre el uso de cookies en nuestro sitio web, tipos de cookies y c\u00f3mo gestionarlas.","robots":{"index":"index","follow":"follow","max-snippet":"max-snippet:-1","max-image-preview":"max-image-preview:large","max-video-preview":"max-video-preview:-1"},"canonical":"https:\/\/www.reindesa.com\/ca\/politica-de-cookies\/","og_locale":"ca_ES","og_type":"article","og_title":"Pol\u00edtica de Cookies - Reindesa Piscines | Uso de Cookies","og_description":"Pol\u00edtica de cookies de Reindesa Piscines. Informaci\u00f3n sobre el uso de cookies en nuestro sitio web, tipos de cookies y c\u00f3mo gestionarlas.","og_url":"https:\/\/www.reindesa.com\/ca\/politica-de-cookies\/","og_site_name":"Reindesa Piscines - Construcci\u00f3n y Mantenimiento de Piscinas","article_modified_time":"2026-03-26T12:34:02+00:00","twitter_card":"summary_large_image","twitter_misc":{"Temps estimat de lectura":"3 minuts"},"schema":{"@context":"https:\/\/schema.org","@graph":[{"@type":"WebPage","@id":"https:\/\/www.reindesa.com\/ca\/politica-de-cookies\/","url":"https:\/\/www.reindesa.com\/ca\/politica-de-cookies\/","name":"Pol\u00edtica de Cookies - Reindesa Piscines | Uso de Cookies","isPartOf":{"@id":"https:\/\/www.reindesa.com\/ca\/#website"},"datePublished":"2025-09-17T16:32:17+00:00","dateModified":"2026-03-26T12:34:02+00:00","description":"Pol\u00edtica de cookies de Reindesa Piscines. Informaci\u00f3n sobre el uso de cookies en nuestro sitio web, tipos de cookies y c\u00f3mo gestionarlas.","breadcrumb":{"@id":"https:\/\/www.reindesa.com\/ca\/politica-de-cookies\/#breadcrumb"},"inLanguage":"ca","potentialAction":[{"@type":"ReadAction","target":["https:\/\/www.reindesa.com\/ca\/politica-de-cookies\/"]}]},{"@type":"BreadcrumbList","@id":"https:\/\/www.reindesa.com\/ca\/politica-de-cookies\/#breadcrumb","itemListElement":[{"@type":"ListItem","position":1,"name":"Portada","item":"https:\/\/www.reindesa.com\/ca\/"},{"@type":"ListItem","position":2,"name":"Pol\u00edtica de cookies"}]},{"@type":"WebSite","@id":"https:\/\/www.reindesa.com\/ca\/#website","url":"https:\/\/www.reindesa.com\/ca\/","name":"Reindesa Piscines - Construcci\u00f3n y Mantenimiento de Piscinas","description":"Expertos en piscinas desde 1968 en Barcelona, Girona y Tarragona","publisher":{"@id":"https:\/\/www.reindesa.com\/ca\/#organization"},"potentialAction":[{"@type":"SearchAction","target":{"@type":"EntryPoint","urlTemplate":"https:\/\/www.reindesa.com\/ca\/?s={search_term_string}"},"query-input":{"@type":"PropertyValueSpecification","valueRequired":true,"valueName":"search_term_string"}}],"inLanguage":"ca"},{"@type":"Organization","@id":"https:\/\/www.reindesa.com\/ca\/#organization","name":"Reindesa Piscines - Construcci\u00f3n y Mantenimiento de Piscinas","url":"https:\/\/www.reindesa.com\/ca\/","logo":{"@type":"ImageObject","inLanguage":"ca","@id":"https:\/\/www.reindesa.com\/ca\/#\/schema\/logo\/image\/","url":"https:\/\/www.reindesa.com\/wp-content\/uploads\/2026\/02\/logo_insta.jpg","contentUrl":"https:\/\/www.reindesa.com\/wp-content\/uploads\/2026\/02\/logo_insta.jpg","width":150,"height":150,"caption":"Reindesa Piscines - Construcci\u00f3n y Mantenimiento de Piscinas"},"image":{"@id":"https:\/\/www.reindesa.com\/ca\/#\/schema\/logo\/image\/"}}]}},"acf":[],"_links":{"self":[{"href":"https:\/\/www.reindesa.com\/ca\/wp-json\/wp\/v2\/pages\/4485","targetHints":{"allow":["GET"]}}],"collection":[{"href":"https:\/\/www.reindesa.com\/ca\/wp-json\/wp\/v2\/pages"}],"about":[{"href":"https:\/\/www.reindesa.com\/ca\/wp-json\/wp\/v2\/types\/page"}],"author":[{"embeddable":true,"href":"https:\/\/www.reindesa.com\/ca\/wp-json\/wp\/v2\/users\/2"}],"replies":[{"embeddable":true,"href":"https:\/\/www.reindesa.com\/ca\/wp-json\/wp\/v2\/comments?post=4485"}],"version-history":[{"count":1,"href":"https:\/\/www.reindesa.com\/ca\/wp-json\/wp\/v2\/pages\/4485\/revisions"}],"predecessor-version":[{"id":4486,"href":"https:\/\/www.reindesa.com\/ca\/wp-json\/wp\/v2\/pages\/4485\/revisions\/4486"}],"wp:attachment":[{"href":"https:\/\/www.reindesa.com\/ca\/wp-json\/wp\/v2\/media?parent=4485"}],"curies":[{"name":"wp","href":"https:\/\/api.w.org\/{rel}","templated":true}]}}