{"id":4371,"date":"2025-11-10T13:50:46","date_gmt":"2025-11-10T13:50:46","guid":{"rendered":"https:\/\/reindesa.pre.interdigital.biz\/catalogo\/robots-netejafons\/"},"modified":"2026-04-16T10:54:54","modified_gmt":"2026-04-16T10:54:54","slug":"robots-netejafons","status":"publish","type":"product","link":"https:\/\/www.reindesa.com\/ca\/catalogo\/robots-netejafons\/","title":{"rendered":"Robots Netejafons"},"content":{"rendered":"<p><span style=\"font-weight: 400;\">Digues ad\u00e9u a la tediosa neteja manual de la piscina i d\u00f3na la benvinguda a la comoditat i efic\u00e0cia dels robots netejafons autom\u00e0tics. A les nostres botigues trobar\u00e0s la millor selecci\u00f3 de netejafons el\u00e8ctrics per a piscines, dissenyats per mantenir el fons, les parets i fins i tot la l\u00ednia de flotaci\u00f3 de la piscina impecables sense esfor\u00e7. <\/span><\/p>\n<p><span style=\"font-weight: 400;\">Un robot de piscina \u00e9s una inversi\u00f3 que garanteix un manteniment de la piscina \u00f2ptim, preocupa&#8217;t nom\u00e9s de gaudir. Els nostres robots netejafons utilitzen tecnologia d&#8217;avantguarda per escanejar i mapejar la piscina, us assegurem una neteja completa i eficient. S\u00f3n totalment aut\u00f2noms i independents del sistema de filtraci\u00f3, recullen la brut\u00edcia en el seu propi filtre intern, cosa que redueix la c\u00e0rrega de treball de la depuradora.  <\/span><\/p>\n<p><strong>Disposem de diferents tipus de robots netejafons per adaptar-nos a qualsevol necessitat:<\/strong><\/p>\n<p><span style=\"font-weight: 400;\"><strong>Robots el\u00e8ctrics (amb cable):<\/strong> Ideals per a una neteja profunda de fons, parets i l\u00ednia d&#8217;aigua. Ofereixen la m\u00e0xima pot\u00e8ncia de succi\u00f3 i diferents cicles de neteja programables. <\/span><\/p>\n<p><span style=\"font-weight: 400;\"><strong>Robots sense fil (a bateria):<\/strong> Perfectes per a piscines petites, mitjanes o per als que busquen la m\u00e0xima llibertat de moviment. S\u00f3n lleugers, f\u00e0cils de fer servir i no requereixen cables. <\/span><\/p>\n<p><span style=\"font-weight: 400;\"><strong>Netejafons hidr\u00e0ulics:<\/strong> Funcionen connectats al sistema de filtraci\u00f3, s\u00f3n una opci\u00f3 m\u00e9s econ\u00f2mica, encara que menys aut\u00f2noma.<\/span><\/p>\n<p><span style=\"font-weight: 400;\"><strong>En comprar un robot netejafons, les caracter\u00edstiques clau s\u00f3n:<\/strong> un filtre de cartutx f\u00e0cil de netejar (fi o ultraf\u00ed), un sistema de navegaci\u00f3 intel\u00b7ligent (com giroscopi o sensors) i connectivitat Wi-Fi per controlar-lo des d&#8217;un smartphone.  <\/span><\/p>\n<p>&nbsp;<\/p>\n","protected":false},"excerpt":{"rendered":"<p><span style=\"font-weight: 400;\">Digues ad\u00e9u a la tediosa neteja manual de la piscina i d\u00f3na la benvinguda a la comoditat i efic\u00e0cia dels robots netejafons autom\u00e0tics. A les nostres botigues trobar\u00e0s la millor selecci\u00f3 de netejafons el\u00e8ctrics per a piscines, dissenyats per mantenir el fons, les parets i fins i tot la l\u00ednia de flotaci\u00f3 de la piscina impecables sense esfor\u00e7. <\/span><\/p>\n<p><span style=\"font-weight: 400;\">Un robot de piscina \u00e9s una inversi\u00f3 que garanteix un manteniment de la piscina \u00f2ptim, preocupa&#8217;t nom\u00e9s de gaudir. Els nostres robots netejafons utilitzen tecnologia d&#8217;avantguarda per escanejar i mapejar la piscina, us assegurem una neteja completa i eficient. S\u00f3n totalment aut\u00f2noms i independents del sistema de filtraci\u00f3, recullen la brut\u00edcia en el seu propi filtre intern, cosa que redueix la c\u00e0rrega de treball de la seva depuradora.  <\/span><\/p>\n<p><span style=\"font-weight: 400;\">Disposem de diferents tipus de robots netejafons per adaptar-nos a qualsevol necessitat:<\/span><\/p>\n<ul>\n<li><span style=\"font-weight: 400;\"><g id=\"gid_0\">Robots el\u00e8ctrics (amb cable):<\/g> Ideals per a una neteja profunda de fons, parets i l\u00ednia daigua. Ofereixen la m\u00e0xima pot\u00e8ncia de succi\u00f3 i diferents cicles de neteja programables. <\/span><\/li>\n<li><span style=\"font-weight: 400;\"><g id=\"gid_0\">Robots sense fil (a bateria):<\/g> Perfectes per a piscines petites, mitjanes o per als que busquen la m\u00e0xima llibertat de moviment. S\u00f3n lleugers, f\u00e0cils de fer servir i no requereixen cables. <\/span><\/li>\n<li><span style=\"font-weight: 400;\">Netejafons hidr\u00e0ulics: Funcionen connectats al sistema de filtraci\u00f3, s\u00f3n una opci\u00f3 m\u00e9s econ\u00f2mica, encara que menys aut\u00f2noma.<\/span><\/li>\n<\/ul>\n<p><span style=\"font-weight: 400;\">En comprar un robot netejafons, les caracter\u00edstiques clau s\u00f3n: un filtre de cartutx f\u00e0cil de netejar, un sistema de navegaci\u00f3 intel\u00b7ligent (com giroscopi o sensors) i connectivitat Wi-Fi per controlar-lo des d&#8217;un smartphone.  <\/span><\/p>\n","protected":false},"featured_media":6045,"template":"","meta":[],"product_brand":[],"product_cat":[50],"product_tag":[],"class_list":{"0":"post-4371","1":"product","2":"type-product","3":"status-publish","4":"has-post-thumbnail","6":"product_cat-robots-netejafons","8":"first","9":"instock","10":"shipping-taxable","11":"product-type-simple"},"yoast_head":"<!-- This site is optimized with the Yoast SEO plugin v27.2 - https:\/\/yoast.com\/product\/yoast-seo-wordpress\/ -->\n<title>Robots Netejafons - Reindesa Piscines - Construcci\u00f3n y Mantenimiento de Piscinas<\/title>\n<meta name=\"robots\" content=\"index, follow, max-snippet:-1, max-image-preview:large, max-video-preview:-1\" \/>\n<link rel=\"canonical\" href=\"https:\/\/www.reindesa.com\/ca\/catalogo\/robots-netejafons\/\" \/>\n<meta property=\"og:locale\" content=\"ca_ES\" \/>\n<meta property=\"og:type\" content=\"article\" \/>\n<meta property=\"og:title\" content=\"Robots Netejafons - Reindesa Piscines - Construcci\u00f3n y Mantenimiento de Piscinas\" \/>\n<meta property=\"og:description\" content=\"Digues ad\u00e9u a la tediosa neteja manual de la piscina i d\u00f3na la benvinguda a la comoditat i efic\u00e0cia dels robots netejafons autom\u00e0tics. A les nostres botigues trobar\u00e0s la millor selecci\u00f3 de netejafons el\u00e8ctrics per a piscines, dissenyats per mantenir el fons, les parets i fins i tot la l\u00ednia de flotaci\u00f3 de la piscina impecables sense esfor\u00e7.  Un robot de piscina \u00e9s una inversi\u00f3 que garanteix un manteniment de la piscina \u00f2ptim, preocupa&#039;t nom\u00e9s de gaudir. Els nostres robots netejafons utilitzen tecnologia d&#039;avantguarda per escanejar i mapejar la piscina, us assegurem una neteja completa i eficient. S\u00f3n totalment aut\u00f2noms i independents del sistema de filtraci\u00f3, recullen la brut\u00edcia en el seu propi filtre intern, cosa que redueix la c\u00e0rrega de treball de la seva depuradora.  Disposem de diferents tipus de robots netejafons per adaptar-nos a qualsevol necessitat:  Robots el\u00e8ctrics (amb cable): Ideals per a una neteja profunda de fons, parets i l\u00ednia daigua. Ofereixen la m\u00e0xima pot\u00e8ncia de succi\u00f3 i diferents cicles de neteja programables.  Robots sense fil (a bateria): Perfectes per a piscines petites, mitjanes o per als que busquen la m\u00e0xima llibertat de moviment. S\u00f3n lleugers, f\u00e0cils de fer servir i no requereixen cables.  Netejafons hidr\u00e0ulics: Funcionen connectats al sistema de filtraci\u00f3, s\u00f3n una opci\u00f3 m\u00e9s econ\u00f2mica, encara que menys aut\u00f2noma. En comprar un robot netejafons, les caracter\u00edstiques clau s\u00f3n: un filtre de cartutx f\u00e0cil de netejar, un sistema de navegaci\u00f3 intel\u00b7ligent (com giroscopi o sensors) i connectivitat Wi-Fi per controlar-lo des d&#039;un smartphone.\" \/>\n<meta property=\"og:url\" content=\"https:\/\/www.reindesa.com\/ca\/catalogo\/robots-netejafons\/\" \/>\n<meta property=\"og:site_name\" content=\"Reindesa Piscines - Construcci\u00f3n y Mantenimiento de Piscinas\" \/>\n<meta property=\"article:modified_time\" content=\"2026-04-16T10:54:54+00:00\" \/>\n<meta property=\"og:image\" content=\"https:\/\/www.reindesa.com\/wp-content\/uploads\/2022\/11\/FreeRider-zodiac-fluidra.jpg\" \/>\n\t<meta property=\"og:image:width\" content=\"1000\" \/>\n\t<meta property=\"og:image:height\" content=\"667\" \/>\n\t<meta property=\"og:image:type\" content=\"image\/jpeg\" \/>\n<meta name=\"twitter:card\" content=\"summary_large_image\" \/>\n<meta name=\"twitter:label1\" content=\"Temps estimat de lectura\" \/>\n\t<meta name=\"twitter:data1\" content=\"1 minut\" \/>\n<script type=\"application\/ld+json\" class=\"yoast-schema-graph\">{\"@context\":\"https:\/\/schema.org\",\"@graph\":[{\"@type\":\"WebPage\",\"@id\":\"https:\/\/www.reindesa.com\/ca\/catalogo\/robots-netejafons\/\",\"url\":\"https:\/\/www.reindesa.com\/ca\/catalogo\/robots-netejafons\/\",\"name\":\"Robots Netejafons - Reindesa Piscines - Construcci\u00f3n y Mantenimiento de Piscinas\",\"isPartOf\":{\"@id\":\"https:\/\/www.reindesa.com\/ca\/#website\"},\"primaryImageOfPage\":{\"@id\":\"https:\/\/www.reindesa.com\/ca\/catalogo\/robots-netejafons\/#primaryimage\"},\"image\":{\"@id\":\"https:\/\/www.reindesa.com\/ca\/catalogo\/robots-netejafons\/#primaryimage\"},\"thumbnailUrl\":\"https:\/\/www.reindesa.com\/wp-content\/uploads\/2022\/11\/FreeRider-zodiac-fluidra.jpg\",\"datePublished\":\"2025-11-10T13:50:46+00:00\",\"dateModified\":\"2026-04-16T10:54:54+00:00\",\"breadcrumb\":{\"@id\":\"https:\/\/www.reindesa.com\/ca\/catalogo\/robots-netejafons\/#breadcrumb\"},\"inLanguage\":\"ca\",\"potentialAction\":[{\"@type\":\"ReadAction\",\"target\":[\"https:\/\/www.reindesa.com\/ca\/catalogo\/robots-netejafons\/\"]}]},{\"@type\":\"ImageObject\",\"inLanguage\":\"ca\",\"@id\":\"https:\/\/www.reindesa.com\/ca\/catalogo\/robots-netejafons\/#primaryimage\",\"url\":\"https:\/\/www.reindesa.com\/wp-content\/uploads\/2022\/11\/FreeRider-zodiac-fluidra.jpg\",\"contentUrl\":\"https:\/\/www.reindesa.com\/wp-content\/uploads\/2022\/11\/FreeRider-zodiac-fluidra.jpg\",\"width\":1000,\"height\":667},{\"@type\":\"BreadcrumbList\",\"@id\":\"https:\/\/www.reindesa.com\/ca\/catalogo\/robots-netejafons\/#breadcrumb\",\"itemListElement\":[{\"@type\":\"ListItem\",\"position\":1,\"name\":\"Portada\",\"item\":\"https:\/\/www.reindesa.com\/ca\/\"},{\"@type\":\"ListItem\",\"position\":2,\"name\":\"Cat\u00e0leg\",\"item\":\"https:\/\/www.reindesa.com\/ca\/cataleg\/\"},{\"@type\":\"ListItem\",\"position\":3,\"name\":\"Robots Netejafons\"}]},{\"@type\":\"WebSite\",\"@id\":\"https:\/\/www.reindesa.com\/ca\/#website\",\"url\":\"https:\/\/www.reindesa.com\/ca\/\",\"name\":\"Reindesa Piscines - Construcci\u00f3n y Mantenimiento de Piscinas\",\"description\":\"Expertos en piscinas desde 1968 en Barcelona, Girona y Tarragona\",\"publisher\":{\"@id\":\"https:\/\/www.reindesa.com\/ca\/#organization\"},\"potentialAction\":[{\"@type\":\"SearchAction\",\"target\":{\"@type\":\"EntryPoint\",\"urlTemplate\":\"https:\/\/www.reindesa.com\/ca\/?s={search_term_string}\"},\"query-input\":{\"@type\":\"PropertyValueSpecification\",\"valueRequired\":true,\"valueName\":\"search_term_string\"}}],\"inLanguage\":\"ca\"},{\"@type\":\"Organization\",\"@id\":\"https:\/\/www.reindesa.com\/ca\/#organization\",\"name\":\"Reindesa Piscines - Construcci\u00f3n y Mantenimiento de Piscinas\",\"url\":\"https:\/\/www.reindesa.com\/ca\/\",\"logo\":{\"@type\":\"ImageObject\",\"inLanguage\":\"ca\",\"@id\":\"https:\/\/www.reindesa.com\/ca\/#\/schema\/logo\/image\/\",\"url\":\"https:\/\/www.reindesa.com\/wp-content\/uploads\/2026\/02\/logo_insta.jpg\",\"contentUrl\":\"https:\/\/www.reindesa.com\/wp-content\/uploads\/2026\/02\/logo_insta.jpg\",\"width\":150,\"height\":150,\"caption\":\"Reindesa Piscines - Construcci\u00f3n y Mantenimiento de Piscinas\"},\"image\":{\"@id\":\"https:\/\/www.reindesa.com\/ca\/#\/schema\/logo\/image\/\"}}]}<\/script>\n<!-- \/ Yoast SEO plugin. -->","yoast_head_json":{"title":"Robots Netejafons - Reindesa Piscines - Construcci\u00f3n y Mantenimiento de Piscinas","robots":{"index":"index","follow":"follow","max-snippet":"max-snippet:-1","max-image-preview":"max-image-preview:large","max-video-preview":"max-video-preview:-1"},"canonical":"https:\/\/www.reindesa.com\/ca\/catalogo\/robots-netejafons\/","og_locale":"ca_ES","og_type":"article","og_title":"Robots Netejafons - Reindesa Piscines - Construcci\u00f3n y Mantenimiento de Piscinas","og_description":"Digues ad\u00e9u a la tediosa neteja manual de la piscina i d\u00f3na la benvinguda a la comoditat i efic\u00e0cia dels robots netejafons autom\u00e0tics. A les nostres botigues trobar\u00e0s la millor selecci\u00f3 de netejafons el\u00e8ctrics per a piscines, dissenyats per mantenir el fons, les parets i fins i tot la l\u00ednia de flotaci\u00f3 de la piscina impecables sense esfor\u00e7.  Un robot de piscina \u00e9s una inversi\u00f3 que garanteix un manteniment de la piscina \u00f2ptim, preocupa't nom\u00e9s de gaudir. Els nostres robots netejafons utilitzen tecnologia d'avantguarda per escanejar i mapejar la piscina, us assegurem una neteja completa i eficient. S\u00f3n totalment aut\u00f2noms i independents del sistema de filtraci\u00f3, recullen la brut\u00edcia en el seu propi filtre intern, cosa que redueix la c\u00e0rrega de treball de la seva depuradora.  Disposem de diferents tipus de robots netejafons per adaptar-nos a qualsevol necessitat:  Robots el\u00e8ctrics (amb cable): Ideals per a una neteja profunda de fons, parets i l\u00ednia daigua. Ofereixen la m\u00e0xima pot\u00e8ncia de succi\u00f3 i diferents cicles de neteja programables.  Robots sense fil (a bateria): Perfectes per a piscines petites, mitjanes o per als que busquen la m\u00e0xima llibertat de moviment. S\u00f3n lleugers, f\u00e0cils de fer servir i no requereixen cables.  Netejafons hidr\u00e0ulics: Funcionen connectats al sistema de filtraci\u00f3, s\u00f3n una opci\u00f3 m\u00e9s econ\u00f2mica, encara que menys aut\u00f2noma. En comprar un robot netejafons, les caracter\u00edstiques clau s\u00f3n: un filtre de cartutx f\u00e0cil de netejar, un sistema de navegaci\u00f3 intel\u00b7ligent (com giroscopi o sensors) i connectivitat Wi-Fi per controlar-lo des d'un smartphone.","og_url":"https:\/\/www.reindesa.com\/ca\/catalogo\/robots-netejafons\/","og_site_name":"Reindesa Piscines - Construcci\u00f3n y Mantenimiento de Piscinas","article_modified_time":"2026-04-16T10:54:54+00:00","og_image":[{"width":1000,"height":667,"url":"https:\/\/www.reindesa.com\/wp-content\/uploads\/2022\/11\/FreeRider-zodiac-fluidra.jpg","type":"image\/jpeg"}],"twitter_card":"summary_large_image","twitter_misc":{"Temps estimat de lectura":"1 minut"},"schema":{"@context":"https:\/\/schema.org","@graph":[{"@type":"WebPage","@id":"https:\/\/www.reindesa.com\/ca\/catalogo\/robots-netejafons\/","url":"https:\/\/www.reindesa.com\/ca\/catalogo\/robots-netejafons\/","name":"Robots Netejafons - Reindesa Piscines - Construcci\u00f3n y Mantenimiento de Piscinas","isPartOf":{"@id":"https:\/\/www.reindesa.com\/ca\/#website"},"primaryImageOfPage":{"@id":"https:\/\/www.reindesa.com\/ca\/catalogo\/robots-netejafons\/#primaryimage"},"image":{"@id":"https:\/\/www.reindesa.com\/ca\/catalogo\/robots-netejafons\/#primaryimage"},"thumbnailUrl":"https:\/\/www.reindesa.com\/wp-content\/uploads\/2022\/11\/FreeRider-zodiac-fluidra.jpg","datePublished":"2025-11-10T13:50:46+00:00","dateModified":"2026-04-16T10:54:54+00:00","breadcrumb":{"@id":"https:\/\/www.reindesa.com\/ca\/catalogo\/robots-netejafons\/#breadcrumb"},"inLanguage":"ca","potentialAction":[{"@type":"ReadAction","target":["https:\/\/www.reindesa.com\/ca\/catalogo\/robots-netejafons\/"]}]},{"@type":"ImageObject","inLanguage":"ca","@id":"https:\/\/www.reindesa.com\/ca\/catalogo\/robots-netejafons\/#primaryimage","url":"https:\/\/www.reindesa.com\/wp-content\/uploads\/2022\/11\/FreeRider-zodiac-fluidra.jpg","contentUrl":"https:\/\/www.reindesa.com\/wp-content\/uploads\/2022\/11\/FreeRider-zodiac-fluidra.jpg","width":1000,"height":667},{"@type":"BreadcrumbList","@id":"https:\/\/www.reindesa.com\/ca\/catalogo\/robots-netejafons\/#breadcrumb","itemListElement":[{"@type":"ListItem","position":1,"name":"Portada","item":"https:\/\/www.reindesa.com\/ca\/"},{"@type":"ListItem","position":2,"name":"Cat\u00e0leg","item":"https:\/\/www.reindesa.com\/ca\/cataleg\/"},{"@type":"ListItem","position":3,"name":"Robots Netejafons"}]},{"@type":"WebSite","@id":"https:\/\/www.reindesa.com\/ca\/#website","url":"https:\/\/www.reindesa.com\/ca\/","name":"Reindesa Piscines - Construcci\u00f3n y Mantenimiento de Piscinas","description":"Expertos en piscinas desde 1968 en Barcelona, Girona y Tarragona","publisher":{"@id":"https:\/\/www.reindesa.com\/ca\/#organization"},"potentialAction":[{"@type":"SearchAction","target":{"@type":"EntryPoint","urlTemplate":"https:\/\/www.reindesa.com\/ca\/?s={search_term_string}"},"query-input":{"@type":"PropertyValueSpecification","valueRequired":true,"valueName":"search_term_string"}}],"inLanguage":"ca"},{"@type":"Organization","@id":"https:\/\/www.reindesa.com\/ca\/#organization","name":"Reindesa Piscines - Construcci\u00f3n y Mantenimiento de Piscinas","url":"https:\/\/www.reindesa.com\/ca\/","logo":{"@type":"ImageObject","inLanguage":"ca","@id":"https:\/\/www.reindesa.com\/ca\/#\/schema\/logo\/image\/","url":"https:\/\/www.reindesa.com\/wp-content\/uploads\/2026\/02\/logo_insta.jpg","contentUrl":"https:\/\/www.reindesa.com\/wp-content\/uploads\/2026\/02\/logo_insta.jpg","width":150,"height":150,"caption":"Reindesa Piscines - Construcci\u00f3n y Mantenimiento de Piscinas"},"image":{"@id":"https:\/\/www.reindesa.com\/ca\/#\/schema\/logo\/image\/"}}]}},"acf":[],"_links":{"self":[{"href":"https:\/\/www.reindesa.com\/ca\/wp-json\/wp\/v2\/product\/4371","targetHints":{"allow":["GET"]}}],"collection":[{"href":"https:\/\/www.reindesa.com\/ca\/wp-json\/wp\/v2\/product"}],"about":[{"href":"https:\/\/www.reindesa.com\/ca\/wp-json\/wp\/v2\/types\/product"}],"wp:featuredmedia":[{"embeddable":true,"href":"https:\/\/www.reindesa.com\/ca\/wp-json\/wp\/v2\/media\/6045"}],"wp:attachment":[{"href":"https:\/\/www.reindesa.com\/ca\/wp-json\/wp\/v2\/media?parent=4371"}],"wp:term":[{"taxonomy":"product_brand","embeddable":true,"href":"https:\/\/www.reindesa.com\/ca\/wp-json\/wp\/v2\/product_brand?post=4371"},{"taxonomy":"product_cat","embeddable":true,"href":"https:\/\/www.reindesa.com\/ca\/wp-json\/wp\/v2\/product_cat?post=4371"},{"taxonomy":"product_tag","embeddable":true,"href":"https:\/\/www.reindesa.com\/ca\/wp-json\/wp\/v2\/product_tag?post=4371"}],"curies":[{"name":"wp","href":"https:\/\/api.w.org\/{rel}","templated":true}]}}