{"id":4378,"date":"2025-11-10T14:00:51","date_gmt":"2025-11-10T14:00:51","guid":{"rendered":"https:\/\/reindesa.pre.interdigital.biz\/catalogo\/climatitzacio-de-piscines\/"},"modified":"2026-04-16T10:57:41","modified_gmt":"2026-04-16T10:57:41","slug":"climatitzacio-de-piscines","status":"publish","type":"product","link":"https:\/\/www.reindesa.com\/ca\/catalogo\/climatitzacio-de-piscines\/","title":{"rendered":"Climatitzaci\u00f3 de piscines"},"content":{"rendered":"<p><span style=\"font-weight: 400;\">Allarga la temporada de bany i gaudeix d&#8217;una temperatura de l&#8217;aigua perfecta amb els nostres equips de climatitzaci\u00f3 de piscines. La bomba de calor per a piscina \u00e9s la soluci\u00f3 m\u00e9s popular i eficient per escalfar una piscina (i, si cal, refredar). La bomba de calor et permet fer servir la piscina fins i tot a la primavera o tardor. En lloc de generar calor, la bomba de calor extreu l&#8217;energia de l&#8217;aire exterior, un recurs gratu\u00eft, i la transfereix a l&#8217;aigua de la piscina i aconsegueix un alt rendiment amb un baix consum el\u00e8ctric.   <\/span><\/p>\n<p><span style=\"font-weight: 400;\">Oferim diferents sistemes de calefacci\u00f3 de piscines per adaptar-nos a qualsevol volum d\u00b4aigua i clima.<\/span><\/p>\n<p><strong>Productes de climatitzaci\u00f3:<\/strong><\/p>\n<p><span style=\"font-weight: 400;\"><strong>Bombes de Calor Inverter:<\/strong> La tecnologia Inverter ajusta la pot\u00e8ncia segons la necessitat, cosa que es tradueix en un funcionament m\u00e9s silenci\u00f3s i un major estalvi energ\u00e8tic. S\u00f3n ideals per mantenir una temperatura constant amb la m\u00e0xima efici\u00e8ncia. <\/span><\/p>\n<p><span style=\"font-weight: 400;\"><strong>Bombes de calor est\u00e0ndard:<\/strong> Solucions robustes i fiables per escalfar l&#8217;aigua de forma efectiva.<\/span><\/p>\n<p><span style=\"font-weight: 400;\"><strong>Escalfadors El\u00e8ctrics:<\/strong> Proporcionen un escalfament r\u00e0pid, perfectes per a spas o com a suport puntual a piscines petites.<\/span><\/p>\n<p><span style=\"font-weight: 400;\"><strong>Intercanviadors de Calor:<\/strong> Utilitzen l&#8217;energia d&#8217;una altra font de calor (com una caldera dom\u00e8stica) per escalfar l&#8217;aigua de la piscina.<\/span><\/p>\n<p><span style=\"font-weight: 400;\"><strong>Calefacci\u00f3 solar per a Piscines:<\/strong> Una opci\u00f3 ecol\u00f2gica que utilitza panells solars o mantes solars per escalfar l&#8217;aigua.<\/span><\/p>\n<p><span style=\"font-weight: 400;\">Les bombes de calor s\u00f3n la millor alternativa per escalfar l&#8217;aigua de la piscina amb un cost operatiu redu\u00eft. S\u00f3n de f\u00e0cil instal\u00b7laci\u00f3 i compatibles amb tot tipus de piscines. Consulta&#8217;ns sobre el c\u00e0lcul de pot\u00e8ncia (kW) que necessita la piscina per garantir la temperatura ideal i maximitzar l&#8217;estalvi energ\u00e8tic del sistema de climatitzaci\u00f3.  <\/span><\/p>\n<p>&nbsp;<\/p>\n","protected":false},"excerpt":{"rendered":"<p><span style=\"font-weight: 400;\">Allarga la temporada de bany i gaudeix d&#8217;una temperatura de l&#8217;aigua perfecta amb els nostres equips de climatitzaci\u00f3 de piscines. La bomba de calor per a piscina \u00e9s la soluci\u00f3 m\u00e9s popular i eficient per escalfar una piscina (i, si cal, refredar). La bomba de calor et permet fer servir la piscina fins i tot a la primavera o tardor. En lloc de generar calor, la bomba de calor extreu l&#8217;energia de l&#8217;aire exterior, un recurs gratu\u00eft, i la transfereix a l&#8217;aigua de la piscina i aconsegueix un alt rendiment amb un baix consum el\u00e8ctric.   <\/span><\/p>\n<p><span style=\"font-weight: 400;\">Oferim diferents sistemes de calefacci\u00f3 de piscines per adaptar-nos a qualsevol volum d\u00b4aigua i clima.<\/span><\/p>\n<p><strong>Productes de climatitzaci\u00f3:<\/strong><\/p>\n<p><span style=\"font-weight: 400;\"><strong>Bombes de Calor Inverter:<\/strong> La tecnologia Inverter ajusta la pot\u00e8ncia segons la necessitat, cosa que es tradueix en un funcionament m\u00e9s silenci\u00f3s i un major estalvi energ\u00e8tic. S\u00f3n ideals per mantenir una temperatura constant amb la m\u00e0xima efici\u00e8ncia. <\/span><\/p>\n<p><span style=\"font-weight: 400;\"><strong>Bombes de calor est\u00e0ndard:<\/strong> Solucions robustes i fiables per escalfar l&#8217;aigua de forma efectiva.<\/span><\/p>\n<p><span style=\"font-weight: 400;\"><strong>Escalfadors El\u00e8ctrics:<\/strong> Proporcionen un escalfament r\u00e0pid, perfectes per a spas o com a suport puntual a piscines petites.<\/span><\/p>\n<p><span style=\"font-weight: 400;\"><strong>Intercanviadors de Calor:<\/strong> Utilitzen l&#8217;energia d&#8217;una altra font de calor (com una caldera dom\u00e8stica) per escalfar l&#8217;aigua de la piscina.<\/span><\/p>\n<p><span style=\"font-weight: 400;\"><strong>Calefacci\u00f3 solar per a Piscines:<\/strong> Una opci\u00f3 ecol\u00f2gica que utilitza panells solars o mantes solars per escalfar l&#8217;aigua.<\/span><\/p>\n<p><span style=\"font-weight: 400;\">Les bombes de calor s\u00f3n la millor alternativa per escalfar l&#8217;aigua de la piscina amb un cost operatiu redu\u00eft. S\u00f3n de f\u00e0cil instal\u00b7laci\u00f3 i compatibles amb tot tipus de piscines. Consulta&#8217;ns sobre el c\u00e0lcul de pot\u00e8ncia (kW) que necessita la piscina per garantir la temperatura ideal i maximitzar l&#8217;estalvi energ\u00e8tic del sistema de climatitzaci\u00f3.  <\/span><\/p>\n","protected":false},"featured_media":6408,"template":"","meta":[],"product_brand":[],"product_cat":[1060],"product_tag":[],"class_list":{"0":"post-4378","1":"product","2":"type-product","3":"status-publish","4":"has-post-thumbnail","6":"product_cat-climatitzacio-de-piscines","8":"first","9":"instock","10":"shipping-taxable","11":"product-type-simple"},"yoast_head":"<!-- This site is optimized with the Yoast SEO plugin v27.2 - https:\/\/yoast.com\/product\/yoast-seo-wordpress\/ -->\n<title>Climatitzaci\u00f3 de piscines - Reindesa Piscines - Construcci\u00f3n y Mantenimiento de Piscinas<\/title>\n<meta name=\"robots\" content=\"index, follow, max-snippet:-1, max-image-preview:large, max-video-preview:-1\" \/>\n<link rel=\"canonical\" href=\"https:\/\/www.reindesa.com\/ca\/catalogo\/climatitzacio-de-piscines\/\" \/>\n<meta property=\"og:locale\" content=\"ca_ES\" \/>\n<meta property=\"og:type\" content=\"article\" \/>\n<meta property=\"og:title\" content=\"Climatitzaci\u00f3 de piscines - Reindesa Piscines - Construcci\u00f3n y Mantenimiento de Piscinas\" \/>\n<meta property=\"og:description\" content=\"Allarga la temporada de bany i gaudeix d&#039;una temperatura de l&#039;aigua perfecta amb els nostres equips de climatitzaci\u00f3 de piscines. La bomba de calor per a piscina \u00e9s la soluci\u00f3 m\u00e9s popular i eficient per escalfar una piscina (i, si cal, refredar). La bomba de calor et permet fer servir la piscina fins i tot a la primavera o tardor. En lloc de generar calor, la bomba de calor extreu l&#039;energia de l&#039;aire exterior, un recurs gratu\u00eft, i la transfereix a l&#039;aigua de la piscina i aconsegueix un alt rendiment amb un baix consum el\u00e8ctric.   Oferim diferents sistemes de calefacci\u00f3 de piscines per adaptar-nos a qualsevol volum d\u00b4aigua i clima. Productes de climatitzaci\u00f3: Bombes de Calor Inverter: La tecnologia Inverter ajusta la pot\u00e8ncia segons la necessitat, cosa que es tradueix en un funcionament m\u00e9s silenci\u00f3s i un major estalvi energ\u00e8tic. S\u00f3n ideals per mantenir una temperatura constant amb la m\u00e0xima efici\u00e8ncia.  Bombes de calor est\u00e0ndard: Solucions robustes i fiables per escalfar l&#039;aigua de forma efectiva. Escalfadors El\u00e8ctrics: Proporcionen un escalfament r\u00e0pid, perfectes per a spas o com a suport puntual a piscines petites. Intercanviadors de Calor: Utilitzen l&#039;energia d&#039;una altra font de calor (com una caldera dom\u00e8stica) per escalfar l&#039;aigua de la piscina. Calefacci\u00f3 solar per a Piscines: Una opci\u00f3 ecol\u00f2gica que utilitza panells solars o mantes solars per escalfar l&#039;aigua. Les bombes de calor s\u00f3n la millor alternativa per escalfar l&#039;aigua de la piscina amb un cost operatiu redu\u00eft. S\u00f3n de f\u00e0cil instal\u00b7laci\u00f3 i compatibles amb tot tipus de piscines. Consulta&#039;ns sobre el c\u00e0lcul de pot\u00e8ncia (kW) que necessita la piscina per garantir la temperatura ideal i maximitzar l&#039;estalvi energ\u00e8tic del sistema de climatitzaci\u00f3.\" \/>\n<meta property=\"og:url\" content=\"https:\/\/www.reindesa.com\/ca\/catalogo\/climatitzacio-de-piscines\/\" \/>\n<meta property=\"og:site_name\" content=\"Reindesa Piscines - Construcci\u00f3n y Mantenimiento de Piscinas\" \/>\n<meta property=\"article:modified_time\" content=\"2026-04-16T10:57:41+00:00\" \/>\n<meta property=\"og:image\" content=\"https:\/\/www.reindesa.com\/wp-content\/uploads\/2025\/11\/bomba-de-calor-z250.jpg\" \/>\n\t<meta property=\"og:image:width\" content=\"1024\" \/>\n\t<meta property=\"og:image:height\" content=\"681\" \/>\n\t<meta property=\"og:image:type\" content=\"image\/jpeg\" \/>\n<meta name=\"twitter:card\" content=\"summary_large_image\" \/>\n<meta name=\"twitter:label1\" content=\"Temps estimat de lectura\" \/>\n\t<meta name=\"twitter:data1\" content=\"2 minuts\" \/>\n<script type=\"application\/ld+json\" class=\"yoast-schema-graph\">{\"@context\":\"https:\/\/schema.org\",\"@graph\":[{\"@type\":\"WebPage\",\"@id\":\"https:\/\/www.reindesa.com\/ca\/catalogo\/climatitzacio-de-piscines\/\",\"url\":\"https:\/\/www.reindesa.com\/ca\/catalogo\/climatitzacio-de-piscines\/\",\"name\":\"Climatitzaci\u00f3 de piscines - Reindesa Piscines - Construcci\u00f3n y Mantenimiento de Piscinas\",\"isPartOf\":{\"@id\":\"https:\/\/www.reindesa.com\/ca\/#website\"},\"primaryImageOfPage\":{\"@id\":\"https:\/\/www.reindesa.com\/ca\/catalogo\/climatitzacio-de-piscines\/#primaryimage\"},\"image\":{\"@id\":\"https:\/\/www.reindesa.com\/ca\/catalogo\/climatitzacio-de-piscines\/#primaryimage\"},\"thumbnailUrl\":\"https:\/\/www.reindesa.com\/wp-content\/uploads\/2025\/11\/bomba-de-calor-z250.jpg\",\"datePublished\":\"2025-11-10T14:00:51+00:00\",\"dateModified\":\"2026-04-16T10:57:41+00:00\",\"breadcrumb\":{\"@id\":\"https:\/\/www.reindesa.com\/ca\/catalogo\/climatitzacio-de-piscines\/#breadcrumb\"},\"inLanguage\":\"ca\",\"potentialAction\":[{\"@type\":\"ReadAction\",\"target\":[\"https:\/\/www.reindesa.com\/ca\/catalogo\/climatitzacio-de-piscines\/\"]}]},{\"@type\":\"ImageObject\",\"inLanguage\":\"ca\",\"@id\":\"https:\/\/www.reindesa.com\/ca\/catalogo\/climatitzacio-de-piscines\/#primaryimage\",\"url\":\"https:\/\/www.reindesa.com\/wp-content\/uploads\/2025\/11\/bomba-de-calor-z250.jpg\",\"contentUrl\":\"https:\/\/www.reindesa.com\/wp-content\/uploads\/2025\/11\/bomba-de-calor-z250.jpg\",\"width\":1024,\"height\":681},{\"@type\":\"BreadcrumbList\",\"@id\":\"https:\/\/www.reindesa.com\/ca\/catalogo\/climatitzacio-de-piscines\/#breadcrumb\",\"itemListElement\":[{\"@type\":\"ListItem\",\"position\":1,\"name\":\"Portada\",\"item\":\"https:\/\/www.reindesa.com\/ca\/\"},{\"@type\":\"ListItem\",\"position\":2,\"name\":\"Cat\u00e0leg\",\"item\":\"https:\/\/www.reindesa.com\/ca\/cataleg\/\"},{\"@type\":\"ListItem\",\"position\":3,\"name\":\"Climatitzaci\u00f3 de piscines\"}]},{\"@type\":\"WebSite\",\"@id\":\"https:\/\/www.reindesa.com\/ca\/#website\",\"url\":\"https:\/\/www.reindesa.com\/ca\/\",\"name\":\"Reindesa Piscines - Construcci\u00f3n y Mantenimiento de Piscinas\",\"description\":\"Expertos en piscinas desde 1968 en Barcelona, Girona y Tarragona\",\"publisher\":{\"@id\":\"https:\/\/www.reindesa.com\/ca\/#organization\"},\"potentialAction\":[{\"@type\":\"SearchAction\",\"target\":{\"@type\":\"EntryPoint\",\"urlTemplate\":\"https:\/\/www.reindesa.com\/ca\/?s={search_term_string}\"},\"query-input\":{\"@type\":\"PropertyValueSpecification\",\"valueRequired\":true,\"valueName\":\"search_term_string\"}}],\"inLanguage\":\"ca\"},{\"@type\":\"Organization\",\"@id\":\"https:\/\/www.reindesa.com\/ca\/#organization\",\"name\":\"Reindesa Piscines - Construcci\u00f3n y Mantenimiento de Piscinas\",\"url\":\"https:\/\/www.reindesa.com\/ca\/\",\"logo\":{\"@type\":\"ImageObject\",\"inLanguage\":\"ca\",\"@id\":\"https:\/\/www.reindesa.com\/ca\/#\/schema\/logo\/image\/\",\"url\":\"https:\/\/www.reindesa.com\/wp-content\/uploads\/2026\/02\/logo_insta.jpg\",\"contentUrl\":\"https:\/\/www.reindesa.com\/wp-content\/uploads\/2026\/02\/logo_insta.jpg\",\"width\":150,\"height\":150,\"caption\":\"Reindesa Piscines - Construcci\u00f3n y Mantenimiento de Piscinas\"},\"image\":{\"@id\":\"https:\/\/www.reindesa.com\/ca\/#\/schema\/logo\/image\/\"}}]}<\/script>\n<!-- \/ Yoast SEO plugin. -->","yoast_head_json":{"title":"Climatitzaci\u00f3 de piscines - Reindesa Piscines - Construcci\u00f3n y Mantenimiento de Piscinas","robots":{"index":"index","follow":"follow","max-snippet":"max-snippet:-1","max-image-preview":"max-image-preview:large","max-video-preview":"max-video-preview:-1"},"canonical":"https:\/\/www.reindesa.com\/ca\/catalogo\/climatitzacio-de-piscines\/","og_locale":"ca_ES","og_type":"article","og_title":"Climatitzaci\u00f3 de piscines - Reindesa Piscines - Construcci\u00f3n y Mantenimiento de Piscinas","og_description":"Allarga la temporada de bany i gaudeix d'una temperatura de l'aigua perfecta amb els nostres equips de climatitzaci\u00f3 de piscines. La bomba de calor per a piscina \u00e9s la soluci\u00f3 m\u00e9s popular i eficient per escalfar una piscina (i, si cal, refredar). La bomba de calor et permet fer servir la piscina fins i tot a la primavera o tardor. En lloc de generar calor, la bomba de calor extreu l'energia de l'aire exterior, un recurs gratu\u00eft, i la transfereix a l'aigua de la piscina i aconsegueix un alt rendiment amb un baix consum el\u00e8ctric.   Oferim diferents sistemes de calefacci\u00f3 de piscines per adaptar-nos a qualsevol volum d\u00b4aigua i clima. Productes de climatitzaci\u00f3: Bombes de Calor Inverter: La tecnologia Inverter ajusta la pot\u00e8ncia segons la necessitat, cosa que es tradueix en un funcionament m\u00e9s silenci\u00f3s i un major estalvi energ\u00e8tic. S\u00f3n ideals per mantenir una temperatura constant amb la m\u00e0xima efici\u00e8ncia.  Bombes de calor est\u00e0ndard: Solucions robustes i fiables per escalfar l'aigua de forma efectiva. Escalfadors El\u00e8ctrics: Proporcionen un escalfament r\u00e0pid, perfectes per a spas o com a suport puntual a piscines petites. Intercanviadors de Calor: Utilitzen l'energia d'una altra font de calor (com una caldera dom\u00e8stica) per escalfar l'aigua de la piscina. Calefacci\u00f3 solar per a Piscines: Una opci\u00f3 ecol\u00f2gica que utilitza panells solars o mantes solars per escalfar l'aigua. Les bombes de calor s\u00f3n la millor alternativa per escalfar l'aigua de la piscina amb un cost operatiu redu\u00eft. S\u00f3n de f\u00e0cil instal\u00b7laci\u00f3 i compatibles amb tot tipus de piscines. Consulta'ns sobre el c\u00e0lcul de pot\u00e8ncia (kW) que necessita la piscina per garantir la temperatura ideal i maximitzar l'estalvi energ\u00e8tic del sistema de climatitzaci\u00f3.","og_url":"https:\/\/www.reindesa.com\/ca\/catalogo\/climatitzacio-de-piscines\/","og_site_name":"Reindesa Piscines - Construcci\u00f3n y Mantenimiento de Piscinas","article_modified_time":"2026-04-16T10:57:41+00:00","og_image":[{"width":1024,"height":681,"url":"https:\/\/www.reindesa.com\/wp-content\/uploads\/2025\/11\/bomba-de-calor-z250.jpg","type":"image\/jpeg"}],"twitter_card":"summary_large_image","twitter_misc":{"Temps estimat de lectura":"2 minuts"},"schema":{"@context":"https:\/\/schema.org","@graph":[{"@type":"WebPage","@id":"https:\/\/www.reindesa.com\/ca\/catalogo\/climatitzacio-de-piscines\/","url":"https:\/\/www.reindesa.com\/ca\/catalogo\/climatitzacio-de-piscines\/","name":"Climatitzaci\u00f3 de piscines - Reindesa Piscines - Construcci\u00f3n y Mantenimiento de Piscinas","isPartOf":{"@id":"https:\/\/www.reindesa.com\/ca\/#website"},"primaryImageOfPage":{"@id":"https:\/\/www.reindesa.com\/ca\/catalogo\/climatitzacio-de-piscines\/#primaryimage"},"image":{"@id":"https:\/\/www.reindesa.com\/ca\/catalogo\/climatitzacio-de-piscines\/#primaryimage"},"thumbnailUrl":"https:\/\/www.reindesa.com\/wp-content\/uploads\/2025\/11\/bomba-de-calor-z250.jpg","datePublished":"2025-11-10T14:00:51+00:00","dateModified":"2026-04-16T10:57:41+00:00","breadcrumb":{"@id":"https:\/\/www.reindesa.com\/ca\/catalogo\/climatitzacio-de-piscines\/#breadcrumb"},"inLanguage":"ca","potentialAction":[{"@type":"ReadAction","target":["https:\/\/www.reindesa.com\/ca\/catalogo\/climatitzacio-de-piscines\/"]}]},{"@type":"ImageObject","inLanguage":"ca","@id":"https:\/\/www.reindesa.com\/ca\/catalogo\/climatitzacio-de-piscines\/#primaryimage","url":"https:\/\/www.reindesa.com\/wp-content\/uploads\/2025\/11\/bomba-de-calor-z250.jpg","contentUrl":"https:\/\/www.reindesa.com\/wp-content\/uploads\/2025\/11\/bomba-de-calor-z250.jpg","width":1024,"height":681},{"@type":"BreadcrumbList","@id":"https:\/\/www.reindesa.com\/ca\/catalogo\/climatitzacio-de-piscines\/#breadcrumb","itemListElement":[{"@type":"ListItem","position":1,"name":"Portada","item":"https:\/\/www.reindesa.com\/ca\/"},{"@type":"ListItem","position":2,"name":"Cat\u00e0leg","item":"https:\/\/www.reindesa.com\/ca\/cataleg\/"},{"@type":"ListItem","position":3,"name":"Climatitzaci\u00f3 de piscines"}]},{"@type":"WebSite","@id":"https:\/\/www.reindesa.com\/ca\/#website","url":"https:\/\/www.reindesa.com\/ca\/","name":"Reindesa Piscines - Construcci\u00f3n y Mantenimiento de Piscinas","description":"Expertos en piscinas desde 1968 en Barcelona, Girona y Tarragona","publisher":{"@id":"https:\/\/www.reindesa.com\/ca\/#organization"},"potentialAction":[{"@type":"SearchAction","target":{"@type":"EntryPoint","urlTemplate":"https:\/\/www.reindesa.com\/ca\/?s={search_term_string}"},"query-input":{"@type":"PropertyValueSpecification","valueRequired":true,"valueName":"search_term_string"}}],"inLanguage":"ca"},{"@type":"Organization","@id":"https:\/\/www.reindesa.com\/ca\/#organization","name":"Reindesa Piscines - Construcci\u00f3n y Mantenimiento de Piscinas","url":"https:\/\/www.reindesa.com\/ca\/","logo":{"@type":"ImageObject","inLanguage":"ca","@id":"https:\/\/www.reindesa.com\/ca\/#\/schema\/logo\/image\/","url":"https:\/\/www.reindesa.com\/wp-content\/uploads\/2026\/02\/logo_insta.jpg","contentUrl":"https:\/\/www.reindesa.com\/wp-content\/uploads\/2026\/02\/logo_insta.jpg","width":150,"height":150,"caption":"Reindesa Piscines - Construcci\u00f3n y Mantenimiento de Piscinas"},"image":{"@id":"https:\/\/www.reindesa.com\/ca\/#\/schema\/logo\/image\/"}}]}},"acf":[],"_links":{"self":[{"href":"https:\/\/www.reindesa.com\/ca\/wp-json\/wp\/v2\/product\/4378","targetHints":{"allow":["GET"]}}],"collection":[{"href":"https:\/\/www.reindesa.com\/ca\/wp-json\/wp\/v2\/product"}],"about":[{"href":"https:\/\/www.reindesa.com\/ca\/wp-json\/wp\/v2\/types\/product"}],"wp:featuredmedia":[{"embeddable":true,"href":"https:\/\/www.reindesa.com\/ca\/wp-json\/wp\/v2\/media\/6408"}],"wp:attachment":[{"href":"https:\/\/www.reindesa.com\/ca\/wp-json\/wp\/v2\/media?parent=4378"}],"wp:term":[{"taxonomy":"product_brand","embeddable":true,"href":"https:\/\/www.reindesa.com\/ca\/wp-json\/wp\/v2\/product_brand?post=4378"},{"taxonomy":"product_cat","embeddable":true,"href":"https:\/\/www.reindesa.com\/ca\/wp-json\/wp\/v2\/product_cat?post=4378"},{"taxonomy":"product_tag","embeddable":true,"href":"https:\/\/www.reindesa.com\/ca\/wp-json\/wp\/v2\/product_tag?post=4378"}],"curies":[{"name":"wp","href":"https:\/\/api.w.org\/{rel}","templated":true}]}}