{"id":4385,"date":"2025-11-10T14:03:44","date_gmt":"2025-11-10T14:03:44","guid":{"rendered":"https:\/\/reindesa.pre.interdigital.biz\/catalogo\/producte-quimic-per-a-piscines\/"},"modified":"2026-04-16T11:02:38","modified_gmt":"2026-04-16T11:02:38","slug":"producte-quimic-per-a-piscines","status":"publish","type":"product","link":"https:\/\/www.reindesa.com\/ca\/catalogo\/producte-quimic-per-a-piscines\/","title":{"rendered":"Producte qu\u00edmic per a piscines"},"content":{"rendered":"<p><span style=\"font-weight: 400;\">El manteniment qu\u00edmic correcte \u00e9s fonamental per garantir una aigua de piscina neta, transparent i segura per al bany. La nostra gamma de productes qu\u00edmics per a piscines inclou tot all\u00f2 necessari per a la desinfecci\u00f3, la regulaci\u00f3 del pH i la prevenci\u00f3 de problemes com les algues, la terbolesa o l&#8217;aigua verda. Comptem amb una l\u00ednia de producte de marca pr\u00f2pia (Reindesa) d&#8217;alta qualitat, una alternativa excel\u00b7lent i de confian\u00e7a per al tractament de l&#8217;aigua.  <\/span><\/p>\n<p><span style=\"font-weight: 400;\">La clau per a una piscina saludable \u00e9s el control dels par\u00e0metres de l&#8217;aigua com el clor i el pH.<\/span><\/p>\n<p><strong>Productes qu\u00edmics essencials:<\/strong><\/p>\n<p><span style=\"font-weight: 400;\"><strong>Clor per a piscines (Desinfectant):<\/strong> El pilar de la desinfecci\u00f3. Oferim clor de xoc (r\u00e0pida soluci\u00f3, ideal per a la posada en marxa o problemes d&#8217;aigua verda), i clor lent (en tauletes o pastilles, per al manteniment diari). Tamb\u00e9 disposem de clor granulat i clor l\u00edquid.  <\/span><\/p>\n<p><span style=\"font-weight: 400;\"><strong>Reguladors de pH:<\/strong> \u00c9s vital mantenir el pH entre 7.2 i 7.6. Comptem amb pH minor (reductor) i pH plus (incrementador) en format l\u00edquid i granulat. <\/span><\/p>\n<p><span style=\"font-weight: 400;\"><strong>Algicides:<\/strong> Productes antialgues que prevenen l&#8217;aparici\u00f3 i el desenvolupament d&#8217;aquestes. Disposem d&#8217;algicides concentrats i algicides no escumants. <\/span><\/p>\n<p><span style=\"font-weight: 400;\"><strong>Floculants i clarificants:<\/strong> Ajuden a agrupar les part\u00edcules m\u00e9s fines que el filtre no pot retenir, facilitant-ne l&#8217;eliminaci\u00f3 i aconseguint una aigua cristal\u00b7lina.<\/span><\/p>\n<p><span style=\"font-weight: 400;\"><strong>Hivernadors:<\/strong> Productes espec\u00edfics per al manteniment d&#8217;hivern, protegint l&#8217;aigua i la piscina durant la temporada d&#8217;inactivitat.<\/span><\/p>\n<p><span style=\"font-weight: 400;\">Recordeu utilitzar sempre un analitzador d&#8217;aigua (tires o test-kit) abans d&#8217;aplicar qualsevol producte qu\u00edmic. Confia en la qualitat del nostre producte de marca pr\u00f2pia per al tractament de l\u00b4aigua de la piscina amb la millor relaci\u00f3 qualitat-preu. <\/span><\/p>\n","protected":false},"excerpt":{"rendered":"<p><span style=\"font-weight: 400;\">El manteniment qu\u00edmic correcte \u00e9s fonamental per garantir una aigua de piscina neta, transparent i segura per al bany. La nostra gamma de productes qu\u00edmics per a piscines inclou tot all\u00f2 necessari per a la desinfecci\u00f3, la regulaci\u00f3 del pH i la prevenci\u00f3 de problemes com les algues, la terbolesa o l&#8217;aigua verda. Comptem amb una l\u00ednia de producte de marca pr\u00f2pia (Reindesa) d&#8217;alta qualitat, una alternativa excel\u00b7lent i de confian\u00e7a per al tractament de l&#8217;aigua.  <\/span><\/p>\n<p><span style=\"font-weight: 400;\">La clau per a una piscina saludable \u00e9s el control dels par\u00e0metres de l&#8217;aigua com el clor i el pH.<\/span><\/p>\n<p><strong>Productes qu\u00edmics essencials:<\/strong><\/p>\n<p><span style=\"font-weight: 400;\"><strong>Clor per a piscines (Desinfectant):<\/strong> El pilar de la desinfecci\u00f3. Oferim clor de xoc (r\u00e0pida soluci\u00f3, ideal per a la posada en marxa o problemes d&#8217;aigua verda), i clor lent (en tauletes o pastilles, per al manteniment diari). Tamb\u00e9 disposem de clor granulat i clor l\u00edquid.  <\/span><\/p>\n<p><span style=\"font-weight: 400;\"><strong>Reguladors de pH:<\/strong> \u00c9s vital mantenir el pH entre 7.2 i 7.6. Comptem amb pH minor (reductor) i pH plus (incrementador) en format l\u00edquid i granulat. <\/span><\/p>\n<p><span style=\"font-weight: 400;\"><strong>Algicides:<\/strong> Productes antialgues que prevenen l&#8217;aparici\u00f3 i el desenvolupament d&#8217;aquestes. Disposem d&#8217;algicides concentrats i algicides no escumants. <\/span><\/p>\n<p><span style=\"font-weight: 400;\"><strong>Floculants i clarificants:<\/strong> Ajuden a agrupar les part\u00edcules m\u00e9s fines que el filtre no pot retenir, facilitant-ne l&#8217;eliminaci\u00f3 i aconseguint una aigua cristal\u00b7lina.<\/span><\/p>\n<p><span style=\"font-weight: 400;\"><strong>Hivernadors:<\/strong> Productes espec\u00edfics per al manteniment d&#8217;hivern, protegint l&#8217;aigua i la piscina durant la temporada d&#8217;inactivitat.<\/span><\/p>\n<p><span style=\"font-weight: 400;\">Recordeu utilitzar sempre un analitzador d&#8217;aigua (tires o test-kit) abans d&#8217;aplicar qualsevol producte qu\u00edmic. Confia en la qualitat del nostre producte de marca pr\u00f2pia per al tractament de l\u00b4aigua de la piscina amb la millor relaci\u00f3 qualitat-preu. <\/span><\/p>\n","protected":false},"featured_media":6412,"template":"","meta":[],"product_brand":[],"product_cat":[1071],"product_tag":[],"class_list":{"0":"post-4385","1":"product","2":"type-product","3":"status-publish","4":"has-post-thumbnail","6":"product_cat-producto-quimico","8":"first","9":"instock","10":"shipping-taxable","11":"product-type-simple"},"yoast_head":"<!-- This site is optimized with the Yoast SEO plugin v27.2 - https:\/\/yoast.com\/product\/yoast-seo-wordpress\/ -->\n<title>Producte qu\u00edmic per a piscines - Reindesa Piscines - Construcci\u00f3n y Mantenimiento de Piscinas<\/title>\n<meta name=\"robots\" content=\"index, follow, max-snippet:-1, max-image-preview:large, max-video-preview:-1\" \/>\n<link rel=\"canonical\" href=\"https:\/\/www.reindesa.com\/ca\/catalogo\/producte-quimic-per-a-piscines\/\" \/>\n<meta property=\"og:locale\" content=\"ca_ES\" \/>\n<meta property=\"og:type\" content=\"article\" \/>\n<meta property=\"og:title\" content=\"Producte qu\u00edmic per a piscines - Reindesa Piscines - Construcci\u00f3n y Mantenimiento de Piscinas\" \/>\n<meta property=\"og:description\" content=\"El manteniment qu\u00edmic correcte \u00e9s fonamental per garantir una aigua de piscina neta, transparent i segura per al bany. La nostra gamma de productes qu\u00edmics per a piscines inclou tot all\u00f2 necessari per a la desinfecci\u00f3, la regulaci\u00f3 del pH i la prevenci\u00f3 de problemes com les algues, la terbolesa o l&#039;aigua verda. Comptem amb una l\u00ednia de producte de marca pr\u00f2pia (Reindesa) d&#039;alta qualitat, una alternativa excel\u00b7lent i de confian\u00e7a per al tractament de l&#039;aigua.  La clau per a una piscina saludable \u00e9s el control dels par\u00e0metres de l&#039;aigua com el clor i el pH. Productes qu\u00edmics essencials: Clor per a piscines (Desinfectant): El pilar de la desinfecci\u00f3. Oferim clor de xoc (r\u00e0pida soluci\u00f3, ideal per a la posada en marxa o problemes d&#039;aigua verda), i clor lent (en tauletes o pastilles, per al manteniment diari). Tamb\u00e9 disposem de clor granulat i clor l\u00edquid.  Reguladors de pH: \u00c9s vital mantenir el pH entre 7.2 i 7.6. Comptem amb pH minor (reductor) i pH plus (incrementador) en format l\u00edquid i granulat.  Algicides: Productes antialgues que prevenen l&#039;aparici\u00f3 i el desenvolupament d&#039;aquestes. Disposem d&#039;algicides concentrats i algicides no escumants.  Floculants i clarificants: Ajuden a agrupar les part\u00edcules m\u00e9s fines que el filtre no pot retenir, facilitant-ne l&#039;eliminaci\u00f3 i aconseguint una aigua cristal\u00b7lina. Hivernadors: Productes espec\u00edfics per al manteniment d&#039;hivern, protegint l&#039;aigua i la piscina durant la temporada d&#039;inactivitat. Recordeu utilitzar sempre un analitzador d&#039;aigua (tires o test-kit) abans d&#039;aplicar qualsevol producte qu\u00edmic. Confia en la qualitat del nostre producte de marca pr\u00f2pia per al tractament de l\u00b4aigua de la piscina amb la millor relaci\u00f3 qualitat-preu.\" \/>\n<meta property=\"og:url\" content=\"https:\/\/www.reindesa.com\/ca\/catalogo\/producte-quimic-per-a-piscines\/\" \/>\n<meta property=\"og:site_name\" content=\"Reindesa Piscines - Construcci\u00f3n y Mantenimiento de Piscinas\" \/>\n<meta property=\"article:modified_time\" content=\"2026-04-16T11:02:38+00:00\" \/>\n<meta property=\"og:image\" content=\"https:\/\/www.reindesa.com\/wp-content\/uploads\/2025\/11\/producto-quimico-piscinas-reindesa.jpg\" \/>\n\t<meta property=\"og:image:width\" content=\"2121\" \/>\n\t<meta property=\"og:image:height\" content=\"1414\" \/>\n\t<meta property=\"og:image:type\" content=\"image\/jpeg\" \/>\n<meta name=\"twitter:card\" content=\"summary_large_image\" \/>\n<meta name=\"twitter:label1\" content=\"Temps estimat de lectura\" \/>\n\t<meta name=\"twitter:data1\" content=\"1 minut\" \/>\n<script type=\"application\/ld+json\" class=\"yoast-schema-graph\">{\"@context\":\"https:\/\/schema.org\",\"@graph\":[{\"@type\":\"WebPage\",\"@id\":\"https:\/\/www.reindesa.com\/ca\/catalogo\/producte-quimic-per-a-piscines\/\",\"url\":\"https:\/\/www.reindesa.com\/ca\/catalogo\/producte-quimic-per-a-piscines\/\",\"name\":\"Producte qu\u00edmic per a piscines - Reindesa Piscines - Construcci\u00f3n y Mantenimiento de Piscinas\",\"isPartOf\":{\"@id\":\"https:\/\/www.reindesa.com\/ca\/#website\"},\"primaryImageOfPage\":{\"@id\":\"https:\/\/www.reindesa.com\/ca\/catalogo\/producte-quimic-per-a-piscines\/#primaryimage\"},\"image\":{\"@id\":\"https:\/\/www.reindesa.com\/ca\/catalogo\/producte-quimic-per-a-piscines\/#primaryimage\"},\"thumbnailUrl\":\"https:\/\/www.reindesa.com\/wp-content\/uploads\/2025\/11\/producto-quimico-piscinas-reindesa.jpg\",\"datePublished\":\"2025-11-10T14:03:44+00:00\",\"dateModified\":\"2026-04-16T11:02:38+00:00\",\"breadcrumb\":{\"@id\":\"https:\/\/www.reindesa.com\/ca\/catalogo\/producte-quimic-per-a-piscines\/#breadcrumb\"},\"inLanguage\":\"ca\",\"potentialAction\":[{\"@type\":\"ReadAction\",\"target\":[\"https:\/\/www.reindesa.com\/ca\/catalogo\/producte-quimic-per-a-piscines\/\"]}]},{\"@type\":\"ImageObject\",\"inLanguage\":\"ca\",\"@id\":\"https:\/\/www.reindesa.com\/ca\/catalogo\/producte-quimic-per-a-piscines\/#primaryimage\",\"url\":\"https:\/\/www.reindesa.com\/wp-content\/uploads\/2025\/11\/producto-quimico-piscinas-reindesa.jpg\",\"contentUrl\":\"https:\/\/www.reindesa.com\/wp-content\/uploads\/2025\/11\/producto-quimico-piscinas-reindesa.jpg\",\"width\":2121,\"height\":1414},{\"@type\":\"BreadcrumbList\",\"@id\":\"https:\/\/www.reindesa.com\/ca\/catalogo\/producte-quimic-per-a-piscines\/#breadcrumb\",\"itemListElement\":[{\"@type\":\"ListItem\",\"position\":1,\"name\":\"Portada\",\"item\":\"https:\/\/www.reindesa.com\/ca\/\"},{\"@type\":\"ListItem\",\"position\":2,\"name\":\"Cat\u00e0leg\",\"item\":\"https:\/\/www.reindesa.com\/ca\/cataleg\/\"},{\"@type\":\"ListItem\",\"position\":3,\"name\":\"Producte qu\u00edmic per a piscines\"}]},{\"@type\":\"WebSite\",\"@id\":\"https:\/\/www.reindesa.com\/ca\/#website\",\"url\":\"https:\/\/www.reindesa.com\/ca\/\",\"name\":\"Reindesa Piscines - Construcci\u00f3n y Mantenimiento de Piscinas\",\"description\":\"Expertos en piscinas desde 1968 en Barcelona, Girona y Tarragona\",\"publisher\":{\"@id\":\"https:\/\/www.reindesa.com\/ca\/#organization\"},\"potentialAction\":[{\"@type\":\"SearchAction\",\"target\":{\"@type\":\"EntryPoint\",\"urlTemplate\":\"https:\/\/www.reindesa.com\/ca\/?s={search_term_string}\"},\"query-input\":{\"@type\":\"PropertyValueSpecification\",\"valueRequired\":true,\"valueName\":\"search_term_string\"}}],\"inLanguage\":\"ca\"},{\"@type\":\"Organization\",\"@id\":\"https:\/\/www.reindesa.com\/ca\/#organization\",\"name\":\"Reindesa Piscines - Construcci\u00f3n y Mantenimiento de Piscinas\",\"url\":\"https:\/\/www.reindesa.com\/ca\/\",\"logo\":{\"@type\":\"ImageObject\",\"inLanguage\":\"ca\",\"@id\":\"https:\/\/www.reindesa.com\/ca\/#\/schema\/logo\/image\/\",\"url\":\"https:\/\/www.reindesa.com\/wp-content\/uploads\/2026\/02\/logo_insta.jpg\",\"contentUrl\":\"https:\/\/www.reindesa.com\/wp-content\/uploads\/2026\/02\/logo_insta.jpg\",\"width\":150,\"height\":150,\"caption\":\"Reindesa Piscines - Construcci\u00f3n y Mantenimiento de Piscinas\"},\"image\":{\"@id\":\"https:\/\/www.reindesa.com\/ca\/#\/schema\/logo\/image\/\"}}]}<\/script>\n<!-- \/ Yoast SEO plugin. -->","yoast_head_json":{"title":"Producte qu\u00edmic per a piscines - Reindesa Piscines - Construcci\u00f3n y Mantenimiento de Piscinas","robots":{"index":"index","follow":"follow","max-snippet":"max-snippet:-1","max-image-preview":"max-image-preview:large","max-video-preview":"max-video-preview:-1"},"canonical":"https:\/\/www.reindesa.com\/ca\/catalogo\/producte-quimic-per-a-piscines\/","og_locale":"ca_ES","og_type":"article","og_title":"Producte qu\u00edmic per a piscines - Reindesa Piscines - Construcci\u00f3n y Mantenimiento de Piscinas","og_description":"El manteniment qu\u00edmic correcte \u00e9s fonamental per garantir una aigua de piscina neta, transparent i segura per al bany. La nostra gamma de productes qu\u00edmics per a piscines inclou tot all\u00f2 necessari per a la desinfecci\u00f3, la regulaci\u00f3 del pH i la prevenci\u00f3 de problemes com les algues, la terbolesa o l'aigua verda. Comptem amb una l\u00ednia de producte de marca pr\u00f2pia (Reindesa) d'alta qualitat, una alternativa excel\u00b7lent i de confian\u00e7a per al tractament de l'aigua.  La clau per a una piscina saludable \u00e9s el control dels par\u00e0metres de l'aigua com el clor i el pH. Productes qu\u00edmics essencials: Clor per a piscines (Desinfectant): El pilar de la desinfecci\u00f3. Oferim clor de xoc (r\u00e0pida soluci\u00f3, ideal per a la posada en marxa o problemes d'aigua verda), i clor lent (en tauletes o pastilles, per al manteniment diari). Tamb\u00e9 disposem de clor granulat i clor l\u00edquid.  Reguladors de pH: \u00c9s vital mantenir el pH entre 7.2 i 7.6. Comptem amb pH minor (reductor) i pH plus (incrementador) en format l\u00edquid i granulat.  Algicides: Productes antialgues que prevenen l'aparici\u00f3 i el desenvolupament d'aquestes. Disposem d'algicides concentrats i algicides no escumants.  Floculants i clarificants: Ajuden a agrupar les part\u00edcules m\u00e9s fines que el filtre no pot retenir, facilitant-ne l'eliminaci\u00f3 i aconseguint una aigua cristal\u00b7lina. Hivernadors: Productes espec\u00edfics per al manteniment d'hivern, protegint l'aigua i la piscina durant la temporada d'inactivitat. Recordeu utilitzar sempre un analitzador d'aigua (tires o test-kit) abans d'aplicar qualsevol producte qu\u00edmic. Confia en la qualitat del nostre producte de marca pr\u00f2pia per al tractament de l\u00b4aigua de la piscina amb la millor relaci\u00f3 qualitat-preu.","og_url":"https:\/\/www.reindesa.com\/ca\/catalogo\/producte-quimic-per-a-piscines\/","og_site_name":"Reindesa Piscines - Construcci\u00f3n y Mantenimiento de Piscinas","article_modified_time":"2026-04-16T11:02:38+00:00","og_image":[{"width":2121,"height":1414,"url":"https:\/\/www.reindesa.com\/wp-content\/uploads\/2025\/11\/producto-quimico-piscinas-reindesa.jpg","type":"image\/jpeg"}],"twitter_card":"summary_large_image","twitter_misc":{"Temps estimat de lectura":"1 minut"},"schema":{"@context":"https:\/\/schema.org","@graph":[{"@type":"WebPage","@id":"https:\/\/www.reindesa.com\/ca\/catalogo\/producte-quimic-per-a-piscines\/","url":"https:\/\/www.reindesa.com\/ca\/catalogo\/producte-quimic-per-a-piscines\/","name":"Producte qu\u00edmic per a piscines - Reindesa Piscines - Construcci\u00f3n y Mantenimiento de Piscinas","isPartOf":{"@id":"https:\/\/www.reindesa.com\/ca\/#website"},"primaryImageOfPage":{"@id":"https:\/\/www.reindesa.com\/ca\/catalogo\/producte-quimic-per-a-piscines\/#primaryimage"},"image":{"@id":"https:\/\/www.reindesa.com\/ca\/catalogo\/producte-quimic-per-a-piscines\/#primaryimage"},"thumbnailUrl":"https:\/\/www.reindesa.com\/wp-content\/uploads\/2025\/11\/producto-quimico-piscinas-reindesa.jpg","datePublished":"2025-11-10T14:03:44+00:00","dateModified":"2026-04-16T11:02:38+00:00","breadcrumb":{"@id":"https:\/\/www.reindesa.com\/ca\/catalogo\/producte-quimic-per-a-piscines\/#breadcrumb"},"inLanguage":"ca","potentialAction":[{"@type":"ReadAction","target":["https:\/\/www.reindesa.com\/ca\/catalogo\/producte-quimic-per-a-piscines\/"]}]},{"@type":"ImageObject","inLanguage":"ca","@id":"https:\/\/www.reindesa.com\/ca\/catalogo\/producte-quimic-per-a-piscines\/#primaryimage","url":"https:\/\/www.reindesa.com\/wp-content\/uploads\/2025\/11\/producto-quimico-piscinas-reindesa.jpg","contentUrl":"https:\/\/www.reindesa.com\/wp-content\/uploads\/2025\/11\/producto-quimico-piscinas-reindesa.jpg","width":2121,"height":1414},{"@type":"BreadcrumbList","@id":"https:\/\/www.reindesa.com\/ca\/catalogo\/producte-quimic-per-a-piscines\/#breadcrumb","itemListElement":[{"@type":"ListItem","position":1,"name":"Portada","item":"https:\/\/www.reindesa.com\/ca\/"},{"@type":"ListItem","position":2,"name":"Cat\u00e0leg","item":"https:\/\/www.reindesa.com\/ca\/cataleg\/"},{"@type":"ListItem","position":3,"name":"Producte qu\u00edmic per a piscines"}]},{"@type":"WebSite","@id":"https:\/\/www.reindesa.com\/ca\/#website","url":"https:\/\/www.reindesa.com\/ca\/","name":"Reindesa Piscines - Construcci\u00f3n y Mantenimiento de Piscinas","description":"Expertos en piscinas desde 1968 en Barcelona, Girona y Tarragona","publisher":{"@id":"https:\/\/www.reindesa.com\/ca\/#organization"},"potentialAction":[{"@type":"SearchAction","target":{"@type":"EntryPoint","urlTemplate":"https:\/\/www.reindesa.com\/ca\/?s={search_term_string}"},"query-input":{"@type":"PropertyValueSpecification","valueRequired":true,"valueName":"search_term_string"}}],"inLanguage":"ca"},{"@type":"Organization","@id":"https:\/\/www.reindesa.com\/ca\/#organization","name":"Reindesa Piscines - Construcci\u00f3n y Mantenimiento de Piscinas","url":"https:\/\/www.reindesa.com\/ca\/","logo":{"@type":"ImageObject","inLanguage":"ca","@id":"https:\/\/www.reindesa.com\/ca\/#\/schema\/logo\/image\/","url":"https:\/\/www.reindesa.com\/wp-content\/uploads\/2026\/02\/logo_insta.jpg","contentUrl":"https:\/\/www.reindesa.com\/wp-content\/uploads\/2026\/02\/logo_insta.jpg","width":150,"height":150,"caption":"Reindesa Piscines - Construcci\u00f3n y Mantenimiento de Piscinas"},"image":{"@id":"https:\/\/www.reindesa.com\/ca\/#\/schema\/logo\/image\/"}}]}},"acf":[],"_links":{"self":[{"href":"https:\/\/www.reindesa.com\/ca\/wp-json\/wp\/v2\/product\/4385","targetHints":{"allow":["GET"]}}],"collection":[{"href":"https:\/\/www.reindesa.com\/ca\/wp-json\/wp\/v2\/product"}],"about":[{"href":"https:\/\/www.reindesa.com\/ca\/wp-json\/wp\/v2\/types\/product"}],"wp:featuredmedia":[{"embeddable":true,"href":"https:\/\/www.reindesa.com\/ca\/wp-json\/wp\/v2\/media\/6412"}],"wp:attachment":[{"href":"https:\/\/www.reindesa.com\/ca\/wp-json\/wp\/v2\/media?parent=4385"}],"wp:term":[{"taxonomy":"product_brand","embeddable":true,"href":"https:\/\/www.reindesa.com\/ca\/wp-json\/wp\/v2\/product_brand?post=4385"},{"taxonomy":"product_cat","embeddable":true,"href":"https:\/\/www.reindesa.com\/ca\/wp-json\/wp\/v2\/product_cat?post=4385"},{"taxonomy":"product_tag","embeddable":true,"href":"https:\/\/www.reindesa.com\/ca\/wp-json\/wp\/v2\/product_tag?post=4385"}],"curies":[{"name":"wp","href":"https:\/\/api.w.org\/{rel}","templated":true}]}}