{"id":6404,"date":"2026-04-14T12:51:38","date_gmt":"2026-04-14T12:51:38","guid":{"rendered":"https:\/\/reindesa.pre.interdigital.biz\/catalogo\/cobertes-per-a-piscines\/"},"modified":"2026-04-16T11:07:15","modified_gmt":"2026-04-16T11:07:15","slug":"cobertes-per-a-piscines","status":"publish","type":"product","link":"https:\/\/www.reindesa.com\/ca\/catalogo\/cobertes-per-a-piscines\/","title":{"rendered":"Cobertes per a piscines"},"content":{"rendered":"<p><span style=\"font-weight: 400;\">Les cobertes per a piscines s\u00f3n un element essencial per al manteniment i la protecci\u00f3 d&#8217;una piscina, ofereixen m\u00faltiples beneficis que van des de l&#8217;estalvi energ\u00e8tic fins a una seguretat m\u00e9s gran per a la teva fam\u00edlia i mascotes. Ja sigui una coberta d&#8217;hivern per protegir la piscina en temporada baixa o una coberta d&#8217;estiu (isot\u00e8rmica) pel dia a dia, trobar\u00e0s la soluci\u00f3 perfecta que s&#8217;ajusti a les teves necessitats i pressupost. <\/span><\/p>\n<p><span style=\"font-weight: 400;\">Comptem amb una \u00e0mplia gamma de lones i cobertors dissenyats per maximitzar i allargar la temporada de bany. Tamb\u00e9 redueixen els costos de climatitzaci\u00f3 de la piscina i el consum d&#8217;aigua i productes qu\u00edmics. <\/span><\/p>\n<p><span style=\"font-weight: 400;\">Tipus de cobertes:<\/span><\/p>\n<ul>\n<li><span style=\"font-weight: 400;\">Cobertes Isot\u00e8rmiques o Solars (d&#8217;estiu): Floten sobre l&#8217;aigua i s\u00f3n el millor cobertor t\u00e8rmic per mantenir la temperatura de l&#8217;aigua i evitar l&#8217;evaporaci\u00f3. Disponibles en diferents gruixos (micres) i colors (blau, negre o geobubble) per optimitzar el guany solar. <\/span><\/li>\n<li><span style=\"font-weight: 400;\">Cobertes d&#8217;Hivern (de protecci\u00f3): Fabricades amb lona de PVC resistent, protegeixen la piscina de la brut\u00edcia, fulles i gelades durant els mesos freds, facilitant la posada en marxa a la primavera.<\/span><\/li>\n<li><span style=\"font-weight: 400;\">Cobertes Autom\u00e0tiques (de lames): L&#8217;opci\u00f3 m\u00e9s elegant i c\u00f2moda. Funcionen com una persiana, ja siguin de superf\u00edcie (elevades) o submergides. Proporcionen m\u00e0xima seguretat i un excel\u00b7lent a\u00efllament t\u00e8rmic.  <\/span><\/li>\n<\/ul>\n<p>&nbsp;<\/p>\n<p><span style=\"font-weight: 400;\">Inverteix en estalvi d&#8217;aigua, redueix l&#8217;\u00fas de qu\u00edmics i augmenta la seguretat a la piscina. Els nostres enrotlladors per a cobertes fan que el seu maneig sigui r\u00e0pid i senzill. Pregunta&#8217;ns com triar el millor tipus de cobertor per allargar la vida \u00fatil de la teva piscina. <\/span><\/p>\n","protected":false},"excerpt":{"rendered":"<p><span style=\"font-weight: 400;\">Les cobertes per a piscines s\u00f3n un element essencial per al manteniment i la protecci\u00f3 d&#8217;una piscina, ofereixen m\u00faltiples beneficis que van des de l&#8217;estalvi energ\u00e8tic fins a una seguretat m\u00e9s gran per a la teva fam\u00edlia i mascotes. Ja sigui una coberta d&#8217;hivern per protegir la piscina en temporada baixa o una coberta d&#8217;estiu (isot\u00e8rmica) pel dia a dia, trobar\u00e0s la soluci\u00f3 perfecta que s&#8217;ajusti a les teves necessitats i pressupost. <\/span><\/p>\n<p><span style=\"font-weight: 400;\">Comptem amb una \u00e0mplia gamma de lones i cobertors dissenyats per maximitzar i allargar la temporada de bany. Tamb\u00e9 redueixen els costos de climatitzaci\u00f3 de la piscina i el consum d&#8217;aigua i productes qu\u00edmics. <\/span><\/p>\n<p><span style=\"font-weight: 400;\">Tipus de cobertes:<\/span><\/p>\n<ul>\n<li><span style=\"font-weight: 400;\">Cobertes Isot\u00e8rmiques o Solars (d&#8217;estiu): Floten sobre l&#8217;aigua i s\u00f3n el millor cobertor t\u00e8rmic per mantenir la temperatura de l&#8217;aigua i evitar l&#8217;evaporaci\u00f3. Disponibles en diferents gruixos (micres) i colors (blau, negre o geobubble) per optimitzar el guany solar. <\/span><\/li>\n<li><span style=\"font-weight: 400;\">Cobertes d&#8217;Hivern (de protecci\u00f3): Fabricades amb lona de PVC resistent, protegeixen la piscina de la brut\u00edcia, fulles i gelades durant els mesos freds, facilitant la posada en marxa a la primavera.<\/span><\/li>\n<li><span style=\"font-weight: 400;\">Cobertes Autom\u00e0tiques (de lames): L&#8217;opci\u00f3 m\u00e9s elegant i c\u00f2moda. Funcionen com una persiana, ja siguin de superf\u00edcie (elevades) o submergides. Proporcionen m\u00e0xima seguretat i un excel\u00b7lent a\u00efllament t\u00e8rmic.  <\/span><\/li>\n<\/ul>\n<p>&nbsp;<\/p>\n<p><span style=\"font-weight: 400;\">Inverteix en estalvi d&#8217;aigua, redueix l&#8217;\u00fas de qu\u00edmics i augmenta la seguretat a la piscina. Els nostres enrotlladors per a cobertes fan que el seu maneig sigui r\u00e0pid i senzill. Pregunta&#8217;ns com triar el millor tipus de cobertor per allargar la vida \u00fatil de la teva piscina. <\/span><\/p>\n","protected":false},"featured_media":6402,"template":"","meta":[],"product_brand":[],"product_cat":[1057],"product_tag":[],"class_list":{"0":"post-6404","1":"product","2":"type-product","3":"status-publish","4":"has-post-thumbnail","6":"product_cat-cobertes-per-a-piscines","8":"first","9":"instock","10":"shipping-taxable","11":"product-type-simple"},"yoast_head":"<!-- This site is optimized with the Yoast SEO plugin v27.2 - https:\/\/yoast.com\/product\/yoast-seo-wordpress\/ -->\n<title>Cobertes per a piscines - Reindesa Piscines - Construcci\u00f3n y Mantenimiento de Piscinas<\/title>\n<meta name=\"robots\" content=\"index, follow, max-snippet:-1, max-image-preview:large, max-video-preview:-1\" \/>\n<link rel=\"canonical\" href=\"https:\/\/www.reindesa.com\/ca\/catalogo\/cobertes-per-a-piscines\/\" \/>\n<meta property=\"og:locale\" content=\"ca_ES\" \/>\n<meta property=\"og:type\" content=\"article\" \/>\n<meta property=\"og:title\" content=\"Cobertes per a piscines - Reindesa Piscines - Construcci\u00f3n y Mantenimiento de Piscinas\" \/>\n<meta property=\"og:description\" content=\"Les cobertes per a piscines s\u00f3n un element essencial per al manteniment i la protecci\u00f3 d&#039;una piscina, ofereixen m\u00faltiples beneficis que van des de l&#039;estalvi energ\u00e8tic fins a una seguretat m\u00e9s gran per a la teva fam\u00edlia i mascotes. Ja sigui una coberta d&#039;hivern per protegir la piscina en temporada baixa o una coberta d&#039;estiu (isot\u00e8rmica) pel dia a dia, trobar\u00e0s la soluci\u00f3 perfecta que s&#039;ajusti a les teves necessitats i pressupost.  Comptem amb una \u00e0mplia gamma de lones i cobertors dissenyats per maximitzar i allargar la temporada de bany. Tamb\u00e9 redueixen els costos de climatitzaci\u00f3 de la piscina i el consum d&#039;aigua i productes qu\u00edmics.  Tipus de cobertes:  Cobertes Isot\u00e8rmiques o Solars (d&#039;estiu): Floten sobre l&#039;aigua i s\u00f3n el millor cobertor t\u00e8rmic per mantenir la temperatura de l&#039;aigua i evitar l&#039;evaporaci\u00f3. Disponibles en diferents gruixos (micres) i colors (blau, negre o geobubble) per optimitzar el guany solar.  Cobertes d&#039;Hivern (de protecci\u00f3): Fabricades amb lona de PVC resistent, protegeixen la piscina de la brut\u00edcia, fulles i gelades durant els mesos freds, facilitant la posada en marxa a la primavera.  Cobertes Autom\u00e0tiques (de lames): L&#039;opci\u00f3 m\u00e9s elegant i c\u00f2moda. Funcionen com una persiana, ja siguin de superf\u00edcie (elevades) o submergides. Proporcionen m\u00e0xima seguretat i un excel\u00b7lent a\u00efllament t\u00e8rmic.  &nbsp; Inverteix en estalvi d&#039;aigua, redueix l&#039;\u00fas de qu\u00edmics i augmenta la seguretat a la piscina. Els nostres enrotlladors per a cobertes fan que el seu maneig sigui r\u00e0pid i senzill. Pregunta&#039;ns com triar el millor tipus de cobertor per allargar la vida \u00fatil de la teva piscina.\" \/>\n<meta property=\"og:url\" content=\"https:\/\/www.reindesa.com\/ca\/catalogo\/cobertes-per-a-piscines\/\" \/>\n<meta property=\"og:site_name\" content=\"Reindesa Piscines - Construcci\u00f3n y Mantenimiento de Piscinas\" \/>\n<meta property=\"article:modified_time\" content=\"2026-04-16T11:07:15+00:00\" \/>\n<meta property=\"og:image\" content=\"https:\/\/www.reindesa.com\/wp-content\/uploads\/2026\/04\/Coberta-auto-elevada-rollo-al-banc-puigcerda.jpeg\" \/>\n\t<meta property=\"og:image:width\" content=\"1600\" \/>\n\t<meta property=\"og:image:height\" content=\"1200\" \/>\n\t<meta property=\"og:image:type\" content=\"image\/jpeg\" \/>\n<meta name=\"twitter:card\" content=\"summary_large_image\" \/>\n<meta name=\"twitter:label1\" content=\"Temps estimat de lectura\" \/>\n\t<meta name=\"twitter:data1\" content=\"1 minut\" \/>\n<script type=\"application\/ld+json\" class=\"yoast-schema-graph\">{\"@context\":\"https:\/\/schema.org\",\"@graph\":[{\"@type\":\"WebPage\",\"@id\":\"https:\/\/www.reindesa.com\/ca\/catalogo\/cobertes-per-a-piscines\/\",\"url\":\"https:\/\/www.reindesa.com\/ca\/catalogo\/cobertes-per-a-piscines\/\",\"name\":\"Cobertes per a piscines - Reindesa Piscines - Construcci\u00f3n y Mantenimiento de Piscinas\",\"isPartOf\":{\"@id\":\"https:\/\/www.reindesa.com\/ca\/#website\"},\"primaryImageOfPage\":{\"@id\":\"https:\/\/www.reindesa.com\/ca\/catalogo\/cobertes-per-a-piscines\/#primaryimage\"},\"image\":{\"@id\":\"https:\/\/www.reindesa.com\/ca\/catalogo\/cobertes-per-a-piscines\/#primaryimage\"},\"thumbnailUrl\":\"https:\/\/www.reindesa.com\/wp-content\/uploads\/2026\/04\/Coberta-auto-elevada-rollo-al-banc-puigcerda.jpeg\",\"datePublished\":\"2026-04-14T12:51:38+00:00\",\"dateModified\":\"2026-04-16T11:07:15+00:00\",\"breadcrumb\":{\"@id\":\"https:\/\/www.reindesa.com\/ca\/catalogo\/cobertes-per-a-piscines\/#breadcrumb\"},\"inLanguage\":\"ca\",\"potentialAction\":[{\"@type\":\"ReadAction\",\"target\":[\"https:\/\/www.reindesa.com\/ca\/catalogo\/cobertes-per-a-piscines\/\"]}]},{\"@type\":\"ImageObject\",\"inLanguage\":\"ca\",\"@id\":\"https:\/\/www.reindesa.com\/ca\/catalogo\/cobertes-per-a-piscines\/#primaryimage\",\"url\":\"https:\/\/www.reindesa.com\/wp-content\/uploads\/2026\/04\/Coberta-auto-elevada-rollo-al-banc-puigcerda.jpeg\",\"contentUrl\":\"https:\/\/www.reindesa.com\/wp-content\/uploads\/2026\/04\/Coberta-auto-elevada-rollo-al-banc-puigcerda.jpeg\",\"width\":1600,\"height\":1200},{\"@type\":\"BreadcrumbList\",\"@id\":\"https:\/\/www.reindesa.com\/ca\/catalogo\/cobertes-per-a-piscines\/#breadcrumb\",\"itemListElement\":[{\"@type\":\"ListItem\",\"position\":1,\"name\":\"Portada\",\"item\":\"https:\/\/www.reindesa.com\/ca\/\"},{\"@type\":\"ListItem\",\"position\":2,\"name\":\"Cat\u00e0leg\",\"item\":\"https:\/\/www.reindesa.com\/ca\/cataleg\/\"},{\"@type\":\"ListItem\",\"position\":3,\"name\":\"Cobertes per a piscines\"}]},{\"@type\":\"WebSite\",\"@id\":\"https:\/\/www.reindesa.com\/ca\/#website\",\"url\":\"https:\/\/www.reindesa.com\/ca\/\",\"name\":\"Reindesa Piscines - Construcci\u00f3n y Mantenimiento de Piscinas\",\"description\":\"Expertos en piscinas desde 1968 en Barcelona, Girona y Tarragona\",\"publisher\":{\"@id\":\"https:\/\/www.reindesa.com\/ca\/#organization\"},\"potentialAction\":[{\"@type\":\"SearchAction\",\"target\":{\"@type\":\"EntryPoint\",\"urlTemplate\":\"https:\/\/www.reindesa.com\/ca\/?s={search_term_string}\"},\"query-input\":{\"@type\":\"PropertyValueSpecification\",\"valueRequired\":true,\"valueName\":\"search_term_string\"}}],\"inLanguage\":\"ca\"},{\"@type\":\"Organization\",\"@id\":\"https:\/\/www.reindesa.com\/ca\/#organization\",\"name\":\"Reindesa Piscines - Construcci\u00f3n y Mantenimiento de Piscinas\",\"url\":\"https:\/\/www.reindesa.com\/ca\/\",\"logo\":{\"@type\":\"ImageObject\",\"inLanguage\":\"ca\",\"@id\":\"https:\/\/www.reindesa.com\/ca\/#\/schema\/logo\/image\/\",\"url\":\"https:\/\/www.reindesa.com\/wp-content\/uploads\/2026\/02\/logo_insta.jpg\",\"contentUrl\":\"https:\/\/www.reindesa.com\/wp-content\/uploads\/2026\/02\/logo_insta.jpg\",\"width\":150,\"height\":150,\"caption\":\"Reindesa Piscines - Construcci\u00f3n y Mantenimiento de Piscinas\"},\"image\":{\"@id\":\"https:\/\/www.reindesa.com\/ca\/#\/schema\/logo\/image\/\"}}]}<\/script>\n<!-- \/ Yoast SEO plugin. -->","yoast_head_json":{"title":"Cobertes per a piscines - Reindesa Piscines - Construcci\u00f3n y Mantenimiento de Piscinas","robots":{"index":"index","follow":"follow","max-snippet":"max-snippet:-1","max-image-preview":"max-image-preview:large","max-video-preview":"max-video-preview:-1"},"canonical":"https:\/\/www.reindesa.com\/ca\/catalogo\/cobertes-per-a-piscines\/","og_locale":"ca_ES","og_type":"article","og_title":"Cobertes per a piscines - Reindesa Piscines - Construcci\u00f3n y Mantenimiento de Piscinas","og_description":"Les cobertes per a piscines s\u00f3n un element essencial per al manteniment i la protecci\u00f3 d'una piscina, ofereixen m\u00faltiples beneficis que van des de l'estalvi energ\u00e8tic fins a una seguretat m\u00e9s gran per a la teva fam\u00edlia i mascotes. Ja sigui una coberta d'hivern per protegir la piscina en temporada baixa o una coberta d'estiu (isot\u00e8rmica) pel dia a dia, trobar\u00e0s la soluci\u00f3 perfecta que s'ajusti a les teves necessitats i pressupost.  Comptem amb una \u00e0mplia gamma de lones i cobertors dissenyats per maximitzar i allargar la temporada de bany. Tamb\u00e9 redueixen els costos de climatitzaci\u00f3 de la piscina i el consum d'aigua i productes qu\u00edmics.  Tipus de cobertes:  Cobertes Isot\u00e8rmiques o Solars (d'estiu): Floten sobre l'aigua i s\u00f3n el millor cobertor t\u00e8rmic per mantenir la temperatura de l'aigua i evitar l'evaporaci\u00f3. Disponibles en diferents gruixos (micres) i colors (blau, negre o geobubble) per optimitzar el guany solar.  Cobertes d'Hivern (de protecci\u00f3): Fabricades amb lona de PVC resistent, protegeixen la piscina de la brut\u00edcia, fulles i gelades durant els mesos freds, facilitant la posada en marxa a la primavera.  Cobertes Autom\u00e0tiques (de lames): L'opci\u00f3 m\u00e9s elegant i c\u00f2moda. Funcionen com una persiana, ja siguin de superf\u00edcie (elevades) o submergides. Proporcionen m\u00e0xima seguretat i un excel\u00b7lent a\u00efllament t\u00e8rmic.  &nbsp; Inverteix en estalvi d'aigua, redueix l'\u00fas de qu\u00edmics i augmenta la seguretat a la piscina. Els nostres enrotlladors per a cobertes fan que el seu maneig sigui r\u00e0pid i senzill. Pregunta'ns com triar el millor tipus de cobertor per allargar la vida \u00fatil de la teva piscina.","og_url":"https:\/\/www.reindesa.com\/ca\/catalogo\/cobertes-per-a-piscines\/","og_site_name":"Reindesa Piscines - Construcci\u00f3n y Mantenimiento de Piscinas","article_modified_time":"2026-04-16T11:07:15+00:00","og_image":[{"width":1600,"height":1200,"url":"https:\/\/www.reindesa.com\/wp-content\/uploads\/2026\/04\/Coberta-auto-elevada-rollo-al-banc-puigcerda.jpeg","type":"image\/jpeg"}],"twitter_card":"summary_large_image","twitter_misc":{"Temps estimat de lectura":"1 minut"},"schema":{"@context":"https:\/\/schema.org","@graph":[{"@type":"WebPage","@id":"https:\/\/www.reindesa.com\/ca\/catalogo\/cobertes-per-a-piscines\/","url":"https:\/\/www.reindesa.com\/ca\/catalogo\/cobertes-per-a-piscines\/","name":"Cobertes per a piscines - Reindesa Piscines - Construcci\u00f3n y Mantenimiento de Piscinas","isPartOf":{"@id":"https:\/\/www.reindesa.com\/ca\/#website"},"primaryImageOfPage":{"@id":"https:\/\/www.reindesa.com\/ca\/catalogo\/cobertes-per-a-piscines\/#primaryimage"},"image":{"@id":"https:\/\/www.reindesa.com\/ca\/catalogo\/cobertes-per-a-piscines\/#primaryimage"},"thumbnailUrl":"https:\/\/www.reindesa.com\/wp-content\/uploads\/2026\/04\/Coberta-auto-elevada-rollo-al-banc-puigcerda.jpeg","datePublished":"2026-04-14T12:51:38+00:00","dateModified":"2026-04-16T11:07:15+00:00","breadcrumb":{"@id":"https:\/\/www.reindesa.com\/ca\/catalogo\/cobertes-per-a-piscines\/#breadcrumb"},"inLanguage":"ca","potentialAction":[{"@type":"ReadAction","target":["https:\/\/www.reindesa.com\/ca\/catalogo\/cobertes-per-a-piscines\/"]}]},{"@type":"ImageObject","inLanguage":"ca","@id":"https:\/\/www.reindesa.com\/ca\/catalogo\/cobertes-per-a-piscines\/#primaryimage","url":"https:\/\/www.reindesa.com\/wp-content\/uploads\/2026\/04\/Coberta-auto-elevada-rollo-al-banc-puigcerda.jpeg","contentUrl":"https:\/\/www.reindesa.com\/wp-content\/uploads\/2026\/04\/Coberta-auto-elevada-rollo-al-banc-puigcerda.jpeg","width":1600,"height":1200},{"@type":"BreadcrumbList","@id":"https:\/\/www.reindesa.com\/ca\/catalogo\/cobertes-per-a-piscines\/#breadcrumb","itemListElement":[{"@type":"ListItem","position":1,"name":"Portada","item":"https:\/\/www.reindesa.com\/ca\/"},{"@type":"ListItem","position":2,"name":"Cat\u00e0leg","item":"https:\/\/www.reindesa.com\/ca\/cataleg\/"},{"@type":"ListItem","position":3,"name":"Cobertes per a piscines"}]},{"@type":"WebSite","@id":"https:\/\/www.reindesa.com\/ca\/#website","url":"https:\/\/www.reindesa.com\/ca\/","name":"Reindesa Piscines - Construcci\u00f3n y Mantenimiento de Piscinas","description":"Expertos en piscinas desde 1968 en Barcelona, Girona y Tarragona","publisher":{"@id":"https:\/\/www.reindesa.com\/ca\/#organization"},"potentialAction":[{"@type":"SearchAction","target":{"@type":"EntryPoint","urlTemplate":"https:\/\/www.reindesa.com\/ca\/?s={search_term_string}"},"query-input":{"@type":"PropertyValueSpecification","valueRequired":true,"valueName":"search_term_string"}}],"inLanguage":"ca"},{"@type":"Organization","@id":"https:\/\/www.reindesa.com\/ca\/#organization","name":"Reindesa Piscines - Construcci\u00f3n y Mantenimiento de Piscinas","url":"https:\/\/www.reindesa.com\/ca\/","logo":{"@type":"ImageObject","inLanguage":"ca","@id":"https:\/\/www.reindesa.com\/ca\/#\/schema\/logo\/image\/","url":"https:\/\/www.reindesa.com\/wp-content\/uploads\/2026\/02\/logo_insta.jpg","contentUrl":"https:\/\/www.reindesa.com\/wp-content\/uploads\/2026\/02\/logo_insta.jpg","width":150,"height":150,"caption":"Reindesa Piscines - Construcci\u00f3n y Mantenimiento de Piscinas"},"image":{"@id":"https:\/\/www.reindesa.com\/ca\/#\/schema\/logo\/image\/"}}]}},"acf":[],"_links":{"self":[{"href":"https:\/\/www.reindesa.com\/ca\/wp-json\/wp\/v2\/product\/6404","targetHints":{"allow":["GET"]}}],"collection":[{"href":"https:\/\/www.reindesa.com\/ca\/wp-json\/wp\/v2\/product"}],"about":[{"href":"https:\/\/www.reindesa.com\/ca\/wp-json\/wp\/v2\/types\/product"}],"wp:featuredmedia":[{"embeddable":true,"href":"https:\/\/www.reindesa.com\/ca\/wp-json\/wp\/v2\/media\/6402"}],"wp:attachment":[{"href":"https:\/\/www.reindesa.com\/ca\/wp-json\/wp\/v2\/media?parent=6404"}],"wp:term":[{"taxonomy":"product_brand","embeddable":true,"href":"https:\/\/www.reindesa.com\/ca\/wp-json\/wp\/v2\/product_brand?post=6404"},{"taxonomy":"product_cat","embeddable":true,"href":"https:\/\/www.reindesa.com\/ca\/wp-json\/wp\/v2\/product_cat?post=6404"},{"taxonomy":"product_tag","embeddable":true,"href":"https:\/\/www.reindesa.com\/ca\/wp-json\/wp\/v2\/product_tag?post=6404"}],"curies":[{"name":"wp","href":"https:\/\/api.w.org\/{rel}","templated":true}]}}