{"id":6422,"date":"2026-04-14T16:08:24","date_gmt":"2026-04-14T16:08:24","guid":{"rendered":"https:\/\/reindesa.pre.interdigital.biz\/catalogo\/equips-automatics-per-a-piscines\/"},"modified":"2026-04-16T11:09:09","modified_gmt":"2026-04-16T11:09:09","slug":"equips-automatics-per-a-piscines","status":"publish","type":"product","link":"https:\/\/www.reindesa.com\/ca\/catalogo\/equips-automatics-per-a-piscines\/","title":{"rendered":"Equips autom\u00e0tics per a piscines"},"content":{"rendered":"<p><span style=\"font-weight: 400;\">L&#8217;automatitzaci\u00f3 ha revolucionat el manteniment de piscines, pots gestionar la desinfecci\u00f3 i l&#8217;equilibri de l&#8217;aigua de manera precisa i sense cap esfor\u00e7. Els nostres equips autom\u00e0tics s\u00f3n la clau per gaudir d&#8217;una aigua perfecta 24\/7, t&#8217;estalvien temps i garanteixen un control constant dels par\u00e0metres essencials. Oblida&#8217;t dels mesuraments i dosificacions manuals di\u00e0ries.  <\/span><\/p>\n<p><span style=\"font-weight: 400;\">El principal avantatge d&#8217;aquests equips \u00e9s la const\u00e0ncia i la seguretat que ofereixen i eviten fluctuacions de pH o clor que puguin fer malb\u00e9 la piscina o irritar els banyistes.<\/span><\/p>\n<p><span style=\"font-weight: 400;\">Tipus d&#8217;equips d&#8217;automatitzaci\u00f3:<\/span><\/p>\n<ul>\n<li><span style=\"font-weight: 400;\">Cloraci\u00f3 salina (Cloradors salins): El sistema de desinfecci\u00f3 m\u00e9s popular. Transforma la sal comuna en clor natural mitjan\u00e7ant electr\u00f2lisi salina, produint un desinfectant suau i eficient. \u00c9s un m\u00e8tode ecol\u00f2gic que elimina l&#8217;olor de clor i les irritacions.  <\/span><\/li>\n<li><span style=\"font-weight: 400;\">Controladors de pH i Redox (ORP): Mesuren i ajusten autom\u00e0ticament el nivell de pH i la concentraci\u00f3 de clor\/desinfectant (Redox) a l&#8217;aigua. Utilitzen bombes dosificadores per injectar pH minor\/plus o clor l\u00edquid quan cal. <\/span><\/li>\n<li><span style=\"font-weight: 400;\">Equips 3 en 1 (Clorador Sal\u00ed + Control pH): Solucions integrades que combinen la cloraci\u00f3 salina amb la regulaci\u00f3 autom\u00e0tica del pH, oferint la m\u00e0xima comoditat i control.<\/span><\/li>\n<li><span style=\"font-weight: 400;\">Bombes Dosificadores: Equips d&#8217;injecci\u00f3 de productes qu\u00edmics (clor l\u00edquid, floculant o algicida) de manera programada i controlada.<\/span><\/li>\n<\/ul>\n<p><span style=\"font-weight: 400;\">Instal\u00b7lar un clorador sal\u00ed amb control de pH \u00e9s la millor manera de simplificar el manteniment de la piscina, reduir la manipulaci\u00f3 de productes qu\u00edmics agressius i garantir una aigua cristal\u00b7lina i equilibrada. Gaudeix d&#8217;una piscina automatitzada i despreocupa&#8217;t. <\/span><\/p>\n","protected":false},"excerpt":{"rendered":"<p><span style=\"font-weight: 400;\">L&#8217;automatitzaci\u00f3 ha revolucionat el manteniment de piscines, pots gestionar la desinfecci\u00f3 i l&#8217;equilibri de l&#8217;aigua de manera precisa i sense cap esfor\u00e7. Els nostres equips autom\u00e0tics s\u00f3n la clau per gaudir d&#8217;una aigua perfecta 24\/7, t&#8217;estalvien temps i garanteixen un control constant dels par\u00e0metres essencials. Oblida&#8217;t dels mesuraments i dosificacions manuals di\u00e0ries.  <\/span><\/p>\n<p><span style=\"font-weight: 400;\">El principal avantatge d&#8217;aquests equips \u00e9s la const\u00e0ncia i la seguretat que ofereixen i eviten fluctuacions de pH o clor que puguin fer malb\u00e9 la piscina o irritar els banyistes.<\/span><\/p>\n<p><span style=\"font-weight: 400;\">Tipus d&#8217;equips d&#8217;automatitzaci\u00f3:<\/span><\/p>\n<ul>\n<li><span style=\"font-weight: 400;\">Cloraci\u00f3 salina (Cloradors salins): El sistema de desinfecci\u00f3 m\u00e9s popular. Transforma la sal comuna en clor natural mitjan\u00e7ant electr\u00f2lisi salina, produint un desinfectant suau i eficient. \u00c9s un m\u00e8tode ecol\u00f2gic que elimina l&#8217;olor de clor i les irritacions.  <\/span><\/li>\n<li><span style=\"font-weight: 400;\">Controladors de pH i Redox (ORP): Mesuren i ajusten autom\u00e0ticament el nivell de pH i la concentraci\u00f3 de clor\/desinfectant (Redox) a l&#8217;aigua. Utilitzen bombes dosificadores per injectar pH minor\/plus o clor l\u00edquid quan cal. <\/span><\/li>\n<li><span style=\"font-weight: 400;\">Equips 3 en 1 (Clorador Sal\u00ed + Control pH): Solucions integrades que combinen la cloraci\u00f3 salina amb la regulaci\u00f3 autom\u00e0tica del pH, oferint la m\u00e0xima comoditat i control.<\/span><\/li>\n<li><span style=\"font-weight: 400;\">Bombes Dosificadores: Equips d&#8217;injecci\u00f3 de productes qu\u00edmics (clor l\u00edquid, floculant o algicida) de manera programada i controlada.<\/span><\/li>\n<\/ul>\n<p><span style=\"font-weight: 400;\">Instal\u00b7lar un clorador sal\u00ed amb control de pH \u00e9s la millor manera de simplificar el manteniment de la piscina, reduir la manipulaci\u00f3 de productes qu\u00edmics agressius i garantir una aigua cristal\u00b7lina i equilibrada. Gaudeix d&#8217;una piscina automatitzada i despreocupa&#8217;t. <\/span><\/p>\n","protected":false},"featured_media":6420,"template":"","meta":[],"product_brand":[],"product_cat":[1066],"product_tag":[],"class_list":{"0":"post-6422","1":"product","2":"type-product","3":"status-publish","4":"has-post-thumbnail","6":"product_cat-equips-automatics","8":"first","9":"instock","10":"shipping-taxable","11":"product-type-simple"},"yoast_head":"<!-- This site is optimized with the Yoast SEO plugin v27.2 - https:\/\/yoast.com\/product\/yoast-seo-wordpress\/ -->\n<title>Equips autom\u00e0tics per a piscines - Reindesa Piscines - Construcci\u00f3n y Mantenimiento de Piscinas<\/title>\n<meta name=\"robots\" content=\"index, follow, max-snippet:-1, max-image-preview:large, max-video-preview:-1\" \/>\n<link rel=\"canonical\" href=\"https:\/\/www.reindesa.com\/ca\/catalogo\/equips-automatics-per-a-piscines\/\" \/>\n<meta property=\"og:locale\" content=\"ca_ES\" \/>\n<meta property=\"og:type\" content=\"article\" \/>\n<meta property=\"og:title\" content=\"Equips autom\u00e0tics per a piscines - Reindesa Piscines - Construcci\u00f3n y Mantenimiento de Piscinas\" \/>\n<meta property=\"og:description\" content=\"L&#039;automatitzaci\u00f3 ha revolucionat el manteniment de piscines, pots gestionar la desinfecci\u00f3 i l&#039;equilibri de l&#039;aigua de manera precisa i sense cap esfor\u00e7. Els nostres equips autom\u00e0tics s\u00f3n la clau per gaudir d&#039;una aigua perfecta 24\/7, t&#039;estalvien temps i garanteixen un control constant dels par\u00e0metres essencials. Oblida&#039;t dels mesuraments i dosificacions manuals di\u00e0ries.  El principal avantatge d&#039;aquests equips \u00e9s la const\u00e0ncia i la seguretat que ofereixen i eviten fluctuacions de pH o clor que puguin fer malb\u00e9 la piscina o irritar els banyistes. Tipus d&#039;equips d&#039;automatitzaci\u00f3:  Cloraci\u00f3 salina (Cloradors salins): El sistema de desinfecci\u00f3 m\u00e9s popular. Transforma la sal comuna en clor natural mitjan\u00e7ant electr\u00f2lisi salina, produint un desinfectant suau i eficient. \u00c9s un m\u00e8tode ecol\u00f2gic que elimina l&#039;olor de clor i les irritacions.   Controladors de pH i Redox (ORP): Mesuren i ajusten autom\u00e0ticament el nivell de pH i la concentraci\u00f3 de clor\/desinfectant (Redox) a l&#039;aigua. Utilitzen bombes dosificadores per injectar pH minor\/plus o clor l\u00edquid quan cal.  Equips 3 en 1 (Clorador Sal\u00ed + Control pH): Solucions integrades que combinen la cloraci\u00f3 salina amb la regulaci\u00f3 autom\u00e0tica del pH, oferint la m\u00e0xima comoditat i control.  Bombes Dosificadores: Equips d&#039;injecci\u00f3 de productes qu\u00edmics (clor l\u00edquid, floculant o algicida) de manera programada i controlada. Instal\u00b7lar un clorador sal\u00ed amb control de pH \u00e9s la millor manera de simplificar el manteniment de la piscina, reduir la manipulaci\u00f3 de productes qu\u00edmics agressius i garantir una aigua cristal\u00b7lina i equilibrada. Gaudeix d&#039;una piscina automatitzada i despreocupa&#039;t.\" \/>\n<meta property=\"og:url\" content=\"https:\/\/www.reindesa.com\/ca\/catalogo\/equips-automatics-per-a-piscines\/\" \/>\n<meta property=\"og:site_name\" content=\"Reindesa Piscines - Construcci\u00f3n y Mantenimiento de Piscinas\" \/>\n<meta property=\"article:modified_time\" content=\"2026-04-16T11:09:09+00:00\" \/>\n<meta property=\"og:image\" content=\"https:\/\/www.reindesa.com\/wp-content\/uploads\/2026\/04\/clorador-salino.webp\" \/>\n\t<meta property=\"og:image:width\" content=\"800\" \/>\n\t<meta property=\"og:image:height\" content=\"800\" \/>\n\t<meta property=\"og:image:type\" content=\"image\/webp\" \/>\n<meta name=\"twitter:card\" content=\"summary_large_image\" \/>\n<meta name=\"twitter:label1\" content=\"Temps estimat de lectura\" \/>\n\t<meta name=\"twitter:data1\" content=\"1 minut\" \/>\n<script type=\"application\/ld+json\" class=\"yoast-schema-graph\">{\"@context\":\"https:\/\/schema.org\",\"@graph\":[{\"@type\":\"WebPage\",\"@id\":\"https:\/\/www.reindesa.com\/ca\/catalogo\/equips-automatics-per-a-piscines\/\",\"url\":\"https:\/\/www.reindesa.com\/ca\/catalogo\/equips-automatics-per-a-piscines\/\",\"name\":\"Equips autom\u00e0tics per a piscines - Reindesa Piscines - Construcci\u00f3n y Mantenimiento de Piscinas\",\"isPartOf\":{\"@id\":\"https:\/\/www.reindesa.com\/ca\/#website\"},\"primaryImageOfPage\":{\"@id\":\"https:\/\/www.reindesa.com\/ca\/catalogo\/equips-automatics-per-a-piscines\/#primaryimage\"},\"image\":{\"@id\":\"https:\/\/www.reindesa.com\/ca\/catalogo\/equips-automatics-per-a-piscines\/#primaryimage\"},\"thumbnailUrl\":\"https:\/\/www.reindesa.com\/wp-content\/uploads\/2026\/04\/clorador-salino.webp\",\"datePublished\":\"2026-04-14T16:08:24+00:00\",\"dateModified\":\"2026-04-16T11:09:09+00:00\",\"breadcrumb\":{\"@id\":\"https:\/\/www.reindesa.com\/ca\/catalogo\/equips-automatics-per-a-piscines\/#breadcrumb\"},\"inLanguage\":\"ca\",\"potentialAction\":[{\"@type\":\"ReadAction\",\"target\":[\"https:\/\/www.reindesa.com\/ca\/catalogo\/equips-automatics-per-a-piscines\/\"]}]},{\"@type\":\"ImageObject\",\"inLanguage\":\"ca\",\"@id\":\"https:\/\/www.reindesa.com\/ca\/catalogo\/equips-automatics-per-a-piscines\/#primaryimage\",\"url\":\"https:\/\/www.reindesa.com\/wp-content\/uploads\/2026\/04\/clorador-salino.webp\",\"contentUrl\":\"https:\/\/www.reindesa.com\/wp-content\/uploads\/2026\/04\/clorador-salino.webp\",\"width\":800,\"height\":800},{\"@type\":\"BreadcrumbList\",\"@id\":\"https:\/\/www.reindesa.com\/ca\/catalogo\/equips-automatics-per-a-piscines\/#breadcrumb\",\"itemListElement\":[{\"@type\":\"ListItem\",\"position\":1,\"name\":\"Portada\",\"item\":\"https:\/\/www.reindesa.com\/ca\/\"},{\"@type\":\"ListItem\",\"position\":2,\"name\":\"Cat\u00e0leg\",\"item\":\"https:\/\/www.reindesa.com\/ca\/cataleg\/\"},{\"@type\":\"ListItem\",\"position\":3,\"name\":\"Equips autom\u00e0tics per a piscines\"}]},{\"@type\":\"WebSite\",\"@id\":\"https:\/\/www.reindesa.com\/ca\/#website\",\"url\":\"https:\/\/www.reindesa.com\/ca\/\",\"name\":\"Reindesa Piscines - Construcci\u00f3n y Mantenimiento de Piscinas\",\"description\":\"Expertos en piscinas desde 1968 en Barcelona, Girona y Tarragona\",\"publisher\":{\"@id\":\"https:\/\/www.reindesa.com\/ca\/#organization\"},\"potentialAction\":[{\"@type\":\"SearchAction\",\"target\":{\"@type\":\"EntryPoint\",\"urlTemplate\":\"https:\/\/www.reindesa.com\/ca\/?s={search_term_string}\"},\"query-input\":{\"@type\":\"PropertyValueSpecification\",\"valueRequired\":true,\"valueName\":\"search_term_string\"}}],\"inLanguage\":\"ca\"},{\"@type\":\"Organization\",\"@id\":\"https:\/\/www.reindesa.com\/ca\/#organization\",\"name\":\"Reindesa Piscines - Construcci\u00f3n y Mantenimiento de Piscinas\",\"url\":\"https:\/\/www.reindesa.com\/ca\/\",\"logo\":{\"@type\":\"ImageObject\",\"inLanguage\":\"ca\",\"@id\":\"https:\/\/www.reindesa.com\/ca\/#\/schema\/logo\/image\/\",\"url\":\"https:\/\/www.reindesa.com\/wp-content\/uploads\/2026\/02\/logo_insta.jpg\",\"contentUrl\":\"https:\/\/www.reindesa.com\/wp-content\/uploads\/2026\/02\/logo_insta.jpg\",\"width\":150,\"height\":150,\"caption\":\"Reindesa Piscines - Construcci\u00f3n y Mantenimiento de Piscinas\"},\"image\":{\"@id\":\"https:\/\/www.reindesa.com\/ca\/#\/schema\/logo\/image\/\"}}]}<\/script>\n<!-- \/ Yoast SEO plugin. -->","yoast_head_json":{"title":"Equips autom\u00e0tics per a piscines - Reindesa Piscines - Construcci\u00f3n y Mantenimiento de Piscinas","robots":{"index":"index","follow":"follow","max-snippet":"max-snippet:-1","max-image-preview":"max-image-preview:large","max-video-preview":"max-video-preview:-1"},"canonical":"https:\/\/www.reindesa.com\/ca\/catalogo\/equips-automatics-per-a-piscines\/","og_locale":"ca_ES","og_type":"article","og_title":"Equips autom\u00e0tics per a piscines - Reindesa Piscines - Construcci\u00f3n y Mantenimiento de Piscinas","og_description":"L'automatitzaci\u00f3 ha revolucionat el manteniment de piscines, pots gestionar la desinfecci\u00f3 i l'equilibri de l'aigua de manera precisa i sense cap esfor\u00e7. Els nostres equips autom\u00e0tics s\u00f3n la clau per gaudir d'una aigua perfecta 24\/7, t'estalvien temps i garanteixen un control constant dels par\u00e0metres essencials. Oblida't dels mesuraments i dosificacions manuals di\u00e0ries.  El principal avantatge d'aquests equips \u00e9s la const\u00e0ncia i la seguretat que ofereixen i eviten fluctuacions de pH o clor que puguin fer malb\u00e9 la piscina o irritar els banyistes. Tipus d'equips d'automatitzaci\u00f3:  Cloraci\u00f3 salina (Cloradors salins): El sistema de desinfecci\u00f3 m\u00e9s popular. Transforma la sal comuna en clor natural mitjan\u00e7ant electr\u00f2lisi salina, produint un desinfectant suau i eficient. \u00c9s un m\u00e8tode ecol\u00f2gic que elimina l'olor de clor i les irritacions.   Controladors de pH i Redox (ORP): Mesuren i ajusten autom\u00e0ticament el nivell de pH i la concentraci\u00f3 de clor\/desinfectant (Redox) a l'aigua. Utilitzen bombes dosificadores per injectar pH minor\/plus o clor l\u00edquid quan cal.  Equips 3 en 1 (Clorador Sal\u00ed + Control pH): Solucions integrades que combinen la cloraci\u00f3 salina amb la regulaci\u00f3 autom\u00e0tica del pH, oferint la m\u00e0xima comoditat i control.  Bombes Dosificadores: Equips d'injecci\u00f3 de productes qu\u00edmics (clor l\u00edquid, floculant o algicida) de manera programada i controlada. Instal\u00b7lar un clorador sal\u00ed amb control de pH \u00e9s la millor manera de simplificar el manteniment de la piscina, reduir la manipulaci\u00f3 de productes qu\u00edmics agressius i garantir una aigua cristal\u00b7lina i equilibrada. Gaudeix d'una piscina automatitzada i despreocupa't.","og_url":"https:\/\/www.reindesa.com\/ca\/catalogo\/equips-automatics-per-a-piscines\/","og_site_name":"Reindesa Piscines - Construcci\u00f3n y Mantenimiento de Piscinas","article_modified_time":"2026-04-16T11:09:09+00:00","og_image":[{"width":800,"height":800,"url":"https:\/\/www.reindesa.com\/wp-content\/uploads\/2026\/04\/clorador-salino.webp","type":"image\/webp"}],"twitter_card":"summary_large_image","twitter_misc":{"Temps estimat de lectura":"1 minut"},"schema":{"@context":"https:\/\/schema.org","@graph":[{"@type":"WebPage","@id":"https:\/\/www.reindesa.com\/ca\/catalogo\/equips-automatics-per-a-piscines\/","url":"https:\/\/www.reindesa.com\/ca\/catalogo\/equips-automatics-per-a-piscines\/","name":"Equips autom\u00e0tics per a piscines - Reindesa Piscines - Construcci\u00f3n y Mantenimiento de Piscinas","isPartOf":{"@id":"https:\/\/www.reindesa.com\/ca\/#website"},"primaryImageOfPage":{"@id":"https:\/\/www.reindesa.com\/ca\/catalogo\/equips-automatics-per-a-piscines\/#primaryimage"},"image":{"@id":"https:\/\/www.reindesa.com\/ca\/catalogo\/equips-automatics-per-a-piscines\/#primaryimage"},"thumbnailUrl":"https:\/\/www.reindesa.com\/wp-content\/uploads\/2026\/04\/clorador-salino.webp","datePublished":"2026-04-14T16:08:24+00:00","dateModified":"2026-04-16T11:09:09+00:00","breadcrumb":{"@id":"https:\/\/www.reindesa.com\/ca\/catalogo\/equips-automatics-per-a-piscines\/#breadcrumb"},"inLanguage":"ca","potentialAction":[{"@type":"ReadAction","target":["https:\/\/www.reindesa.com\/ca\/catalogo\/equips-automatics-per-a-piscines\/"]}]},{"@type":"ImageObject","inLanguage":"ca","@id":"https:\/\/www.reindesa.com\/ca\/catalogo\/equips-automatics-per-a-piscines\/#primaryimage","url":"https:\/\/www.reindesa.com\/wp-content\/uploads\/2026\/04\/clorador-salino.webp","contentUrl":"https:\/\/www.reindesa.com\/wp-content\/uploads\/2026\/04\/clorador-salino.webp","width":800,"height":800},{"@type":"BreadcrumbList","@id":"https:\/\/www.reindesa.com\/ca\/catalogo\/equips-automatics-per-a-piscines\/#breadcrumb","itemListElement":[{"@type":"ListItem","position":1,"name":"Portada","item":"https:\/\/www.reindesa.com\/ca\/"},{"@type":"ListItem","position":2,"name":"Cat\u00e0leg","item":"https:\/\/www.reindesa.com\/ca\/cataleg\/"},{"@type":"ListItem","position":3,"name":"Equips autom\u00e0tics per a piscines"}]},{"@type":"WebSite","@id":"https:\/\/www.reindesa.com\/ca\/#website","url":"https:\/\/www.reindesa.com\/ca\/","name":"Reindesa Piscines - Construcci\u00f3n y Mantenimiento de Piscinas","description":"Expertos en piscinas desde 1968 en Barcelona, Girona y Tarragona","publisher":{"@id":"https:\/\/www.reindesa.com\/ca\/#organization"},"potentialAction":[{"@type":"SearchAction","target":{"@type":"EntryPoint","urlTemplate":"https:\/\/www.reindesa.com\/ca\/?s={search_term_string}"},"query-input":{"@type":"PropertyValueSpecification","valueRequired":true,"valueName":"search_term_string"}}],"inLanguage":"ca"},{"@type":"Organization","@id":"https:\/\/www.reindesa.com\/ca\/#organization","name":"Reindesa Piscines - Construcci\u00f3n y Mantenimiento de Piscinas","url":"https:\/\/www.reindesa.com\/ca\/","logo":{"@type":"ImageObject","inLanguage":"ca","@id":"https:\/\/www.reindesa.com\/ca\/#\/schema\/logo\/image\/","url":"https:\/\/www.reindesa.com\/wp-content\/uploads\/2026\/02\/logo_insta.jpg","contentUrl":"https:\/\/www.reindesa.com\/wp-content\/uploads\/2026\/02\/logo_insta.jpg","width":150,"height":150,"caption":"Reindesa Piscines - Construcci\u00f3n y Mantenimiento de Piscinas"},"image":{"@id":"https:\/\/www.reindesa.com\/ca\/#\/schema\/logo\/image\/"}}]}},"acf":[],"_links":{"self":[{"href":"https:\/\/www.reindesa.com\/ca\/wp-json\/wp\/v2\/product\/6422","targetHints":{"allow":["GET"]}}],"collection":[{"href":"https:\/\/www.reindesa.com\/ca\/wp-json\/wp\/v2\/product"}],"about":[{"href":"https:\/\/www.reindesa.com\/ca\/wp-json\/wp\/v2\/types\/product"}],"wp:featuredmedia":[{"embeddable":true,"href":"https:\/\/www.reindesa.com\/ca\/wp-json\/wp\/v2\/media\/6420"}],"wp:attachment":[{"href":"https:\/\/www.reindesa.com\/ca\/wp-json\/wp\/v2\/media?parent=6422"}],"wp:term":[{"taxonomy":"product_brand","embeddable":true,"href":"https:\/\/www.reindesa.com\/ca\/wp-json\/wp\/v2\/product_brand?post=6422"},{"taxonomy":"product_cat","embeddable":true,"href":"https:\/\/www.reindesa.com\/ca\/wp-json\/wp\/v2\/product_cat?post=6422"},{"taxonomy":"product_tag","embeddable":true,"href":"https:\/\/www.reindesa.com\/ca\/wp-json\/wp\/v2\/product_tag?post=6422"}],"curies":[{"name":"wp","href":"https:\/\/api.w.org\/{rel}","templated":true}]}}