{"id":6432,"date":"2026-04-14T16:14:52","date_gmt":"2026-04-14T16:14:52","guid":{"rendered":"https:\/\/reindesa.pre.interdigital.biz\/catalogo\/illuminacio-per-a-piscines\/"},"modified":"2026-04-20T09:34:43","modified_gmt":"2026-04-20T09:34:43","slug":"illuminacio-per-a-piscines","status":"publish","type":"product","link":"https:\/\/www.reindesa.com\/ca\/catalogo\/illuminacio-per-a-piscines\/","title":{"rendered":"Il\u00b7luminaci\u00f3 per a piscines"},"content":{"rendered":"<p><span style=\"font-weight: 400;\">La il\u00b7luminaci\u00f3 de piscines no \u00e9s nom\u00e9s un element decoratiu, sin\u00f3 una part fonamental de la seguretat i l&#8217;oci nocturn de la zona de bany. Els nostres projectors i focus per a piscines transformen l&#8217;ambient del jard\u00ed i la piscina, creen atmosferes \u00faniques i acollidores. La tecnologia LED \u00e9s estrella de la il\u00b7luminaci\u00f3 subaqu\u00e0tica, ja que ofereix un gran ventall de possibilitats amb un consum energ\u00e8tic m\u00ednim. <\/span><\/p>\n<p><span style=\"font-weight: 400;\">Disposem de solucions d&#8217;il\u00b7luminaci\u00f3 LED tant per a piscines de nova construcci\u00f3 com per a la substituci\u00f3 de focus hal\u00f2gens antics.<\/span><\/p>\n<p><span style=\"font-weight: 400;\">Tipus d&#8217;il\u00b7luminaci\u00f3:<\/span><\/p>\n<ul>\n<li><span style=\"font-weight: 400;\"><strong>Focus\/Projectors LED (PAR56)<\/strong>: El format est\u00e0ndard per reempla\u00e7ar els llums hal\u00f2gens de 300W. Ofereixen alta lluminositat i un gran estalvi energ\u00e8tic. Disponibles en llum blanca (c\u00e0lida o freda) per a un ambient cl\u00e0ssic i en LED RGB per a il\u00b7luminaci\u00f3 de colors i cromoter\u00e0pia. <\/span><\/li>\n<li><span style=\"font-weight: 400;\"><strong>Focus plans LED<\/strong>: Dissenyats per a una instal\u00b7laci\u00f3 en superf\u00edcie (sense n\u00ednxol) en piscines existents, s\u00f3n compactes i f\u00e0cils d&#8217;instal\u00b7lar.<\/span><\/li>\n<li><span style=\"font-weight: 400;\"><strong>Il\u00b7luminaci\u00f3 de fibra \u00f2ptica<\/strong>: Crea un efecte de &#8220;cel estrellat&#8221; o il\u00b7luminaci\u00f3 perimetral subtil, ideal per a un disseny m\u00e9s avantguardista o spas.<\/span><\/li>\n<li><span style=\"font-weight: 400;\"><strong>Minifocus i punts de llum<\/strong>: Petits focus ideals per a escales, zones de platja o spas, proporcionant punts de llum estrat\u00e8gics.<\/span><\/li>\n<li><span style=\"font-weight: 400;\"><strong>Sistemes de control:<\/strong> Comandaments a dist\u00e0ncia i quadres de control per gestionar els canvis de color, les seq\u00fc\u00e8ncies i l&#8217;encesa\/apagada dels focus RGB.<\/span><\/li>\n<\/ul>\n<p>&nbsp;<\/p>\n<p>La il\u00b7luminaci\u00f3 LED per a piscines \u00e9s duradora i segura (baix voltatge). Tria focus amb protecci\u00f3 IP68 i materials resistents als productes qu\u00edmics. Amb els nostres sistemes LED RGB, podreu seleccionar entre m\u00faltiples colors i seq\u00fc\u00e8ncies programades, afegint un toc espectacular a les nits d&#8217;estiu.<\/p>\n","protected":false},"excerpt":{"rendered":"<p><span style=\"font-weight: 400;\">La il\u00b7luminaci\u00f3 de piscines no \u00e9s nom\u00e9s un element decoratiu, sin\u00f3 una part fonamental de la seguretat i l&#8217;oci nocturn de la zona de bany. Els nostres projectors i focus per a piscines transformen l&#8217;ambient del jard\u00ed i la piscina, creen atmosferes \u00faniques i acollidores. La tecnologia LED \u00e9s estrella de la il\u00b7luminaci\u00f3 subaqu\u00e0tica, ja que ofereix un gran ventall de possibilitats amb un consum energ\u00e8tic m\u00ednim. <\/span><\/p>\n<p><span style=\"font-weight: 400;\">Disposem de solucions d&#8217;il\u00b7luminaci\u00f3 LED tant per a piscines de nova construcci\u00f3 com per a la substituci\u00f3 de focus hal\u00f2gens antics.<\/span><\/p>\n<p><span style=\"font-weight: 400;\">Tipus d&#8217;il\u00b7luminaci\u00f3:<\/span><\/p>\n<ul>\n<li><span style=\"font-weight: 400;\"><strong>Focus\/Projectors LED (PAR56)<\/strong>: El format est\u00e0ndard per reempla\u00e7ar els llums hal\u00f2gens de 300W. Ofereixen alta lluminositat i un gran estalvi energ\u00e8tic. Disponibles en llum blanca (c\u00e0lida o freda) per a un ambient cl\u00e0ssic i en LED RGB per a il\u00b7luminaci\u00f3 de colors i cromoter\u00e0pia. <\/span><\/li>\n<li><span style=\"font-weight: 400;\"><strong>Focus plans LED<\/strong>: Dissenyats per a una instal\u00b7laci\u00f3 en superf\u00edcie (sense n\u00ednxol) en piscines existents, s\u00f3n compactes i f\u00e0cils d&#8217;instal\u00b7lar.<\/span><\/li>\n<li><span style=\"font-weight: 400;\"><strong>Il\u00b7luminaci\u00f3 de fibra \u00f2ptica<\/strong>: Crea un efecte de &#8220;cel estrellat&#8221; o il\u00b7luminaci\u00f3 perimetral subtil, ideal per a un disseny m\u00e9s avantguardista o spas.<\/span><\/li>\n<li><span style=\"font-weight: 400;\"><strong>Minifocus i punts de llum<\/strong>: Petits focus ideals per a escales, zones de platja o spas, proporcionant punts de llum estrat\u00e8gics.<\/span><\/li>\n<li><span style=\"font-weight: 400;\"><strong>Sistemes de control:<\/strong> Comandaments a dist\u00e0ncia i quadres de control per gestionar els canvis de color, les seq\u00fc\u00e8ncies i l&#8217;encesa\/apagada dels focus RGB.<\/span><\/li>\n<\/ul>\n<p>&nbsp;<\/p>\n<p>La il\u00b7luminaci\u00f3 LED per a piscines \u00e9s duradora i segura (baix voltatge). Tria focus amb protecci\u00f3 IP68 i materials resistents als productes qu\u00edmics. Amb els nostres sistemes LED RGB, podreu seleccionar entre m\u00faltiples colors i seq\u00fc\u00e8ncies programades, afegint un toc espectacular a les nits d&#8217;estiu.<\/p>\n","protected":false},"featured_media":6431,"template":"","meta":[],"product_brand":[],"product_cat":[1069],"product_tag":[],"class_list":{"0":"post-6432","1":"product","2":"type-product","3":"status-publish","4":"has-post-thumbnail","6":"product_cat-illuminacio","8":"first","9":"instock","10":"shipping-taxable","11":"product-type-simple"},"yoast_head":"<!-- This site is optimized with the Yoast SEO plugin v27.2 - https:\/\/yoast.com\/product\/yoast-seo-wordpress\/ -->\n<title>Il\u00b7luminaci\u00f3 per a piscines - Reindesa Piscines - Construcci\u00f3n y Mantenimiento de Piscinas<\/title>\n<meta name=\"robots\" content=\"index, follow, max-snippet:-1, max-image-preview:large, max-video-preview:-1\" \/>\n<link rel=\"canonical\" href=\"https:\/\/www.reindesa.com\/ca\/catalogo\/illuminacio-per-a-piscines\/\" \/>\n<meta property=\"og:locale\" content=\"ca_ES\" \/>\n<meta property=\"og:type\" content=\"article\" \/>\n<meta property=\"og:title\" content=\"Il\u00b7luminaci\u00f3 per a piscines - Reindesa Piscines - Construcci\u00f3n y Mantenimiento de Piscinas\" \/>\n<meta property=\"og:description\" content=\"La il\u00b7luminaci\u00f3 de piscines no \u00e9s nom\u00e9s un element decoratiu, sin\u00f3 una part fonamental de la seguretat i l&#039;oci nocturn de la zona de bany. Els nostres projectors i focus per a piscines transformen l&#039;ambient del jard\u00ed i la piscina, creen atmosferes \u00faniques i acollidores. La tecnologia LED \u00e9s estrella de la il\u00b7luminaci\u00f3 subaqu\u00e0tica, ja que ofereix un gran ventall de possibilitats amb un consum energ\u00e8tic m\u00ednim.   Disposem de solucions d&#039;il\u00b7luminaci\u00f3 LED tant per a piscines de nova construcci\u00f3 com per a la substituci\u00f3 de focus hal\u00f2gens antics.  Tipus d&#039;il\u00b7luminaci\u00f3:   Focus\/Projectors LED (PAR56): El format est\u00e0ndard per reempla\u00e7ar els llums hal\u00f2gens de 300W. Ofereixen alta lluminositat i un gran estalvi energ\u00e8tic. Disponibles en llum blanca (c\u00e0lida o freda) per a un ambient cl\u00e0ssic i en LED RGB per a il\u00b7luminaci\u00f3 de colors i cromoter\u00e0pia.   Focus plans LED: Dissenyats per a una instal\u00b7laci\u00f3 en superf\u00edcie (sense n\u00ednxol) en piscines existents, s\u00f3n compactes i f\u00e0cils d&#039;instal\u00b7lar.  Il\u00b7luminaci\u00f3 de fibra \u00f2ptica: Crea un efecte de &quot;cel estrellat&quot; o il\u00b7luminaci\u00f3 perimetral subtil, ideal per a un disseny m\u00e9s avantguardista o spas.  Minifocus i punts de llum: Petits focus ideals per a escales, zones de platja o spas, proporcionant punts de llum estrat\u00e8gics.  Sistemes de control: Comandaments a dist\u00e0ncia i quadres de control per gestionar els canvis de color, les seq\u00fc\u00e8ncies i l&#039;encesa\/apagada dels focus RGB.  &nbsp;  La il\u00b7luminaci\u00f3 LED per a piscines \u00e9s duradora i segura (baix voltatge). Tria focus amb protecci\u00f3 IP68 i materials resistents als productes qu\u00edmics. Amb els nostres sistemes LED RGB, podreu seleccionar entre m\u00faltiples colors i seq\u00fc\u00e8ncies programades, afegint un toc espectacular a les nits d&#039;estiu.\" \/>\n<meta property=\"og:url\" content=\"https:\/\/www.reindesa.com\/ca\/catalogo\/illuminacio-per-a-piscines\/\" \/>\n<meta property=\"og:site_name\" content=\"Reindesa Piscines - Construcci\u00f3n y Mantenimiento de Piscinas\" \/>\n<meta property=\"article:modified_time\" content=\"2026-04-20T09:34:43+00:00\" \/>\n<meta property=\"og:image\" content=\"https:\/\/www.reindesa.com\/wp-content\/uploads\/2026\/04\/c68b9be4-ccbf-40fc-8a80-48e768a2b344.jpeg\" \/>\n\t<meta property=\"og:image:width\" content=\"2048\" \/>\n\t<meta property=\"og:image:height\" content=\"1536\" \/>\n\t<meta property=\"og:image:type\" content=\"image\/jpeg\" \/>\n<meta name=\"twitter:card\" content=\"summary_large_image\" \/>\n<meta name=\"twitter:label1\" content=\"Temps estimat de lectura\" \/>\n\t<meta name=\"twitter:data1\" content=\"2 minuts\" \/>\n<script type=\"application\/ld+json\" class=\"yoast-schema-graph\">{\"@context\":\"https:\/\/schema.org\",\"@graph\":[{\"@type\":\"WebPage\",\"@id\":\"https:\/\/www.reindesa.com\/ca\/catalogo\/illuminacio-per-a-piscines\/\",\"url\":\"https:\/\/www.reindesa.com\/ca\/catalogo\/illuminacio-per-a-piscines\/\",\"name\":\"Il\u00b7luminaci\u00f3 per a piscines - Reindesa Piscines - Construcci\u00f3n y Mantenimiento de Piscinas\",\"isPartOf\":{\"@id\":\"https:\/\/www.reindesa.com\/ca\/#website\"},\"primaryImageOfPage\":{\"@id\":\"https:\/\/www.reindesa.com\/ca\/catalogo\/illuminacio-per-a-piscines\/#primaryimage\"},\"image\":{\"@id\":\"https:\/\/www.reindesa.com\/ca\/catalogo\/illuminacio-per-a-piscines\/#primaryimage\"},\"thumbnailUrl\":\"https:\/\/www.reindesa.com\/wp-content\/uploads\/2026\/04\/c68b9be4-ccbf-40fc-8a80-48e768a2b344.jpeg\",\"datePublished\":\"2026-04-14T16:14:52+00:00\",\"dateModified\":\"2026-04-20T09:34:43+00:00\",\"breadcrumb\":{\"@id\":\"https:\/\/www.reindesa.com\/ca\/catalogo\/illuminacio-per-a-piscines\/#breadcrumb\"},\"inLanguage\":\"ca\",\"potentialAction\":[{\"@type\":\"ReadAction\",\"target\":[\"https:\/\/www.reindesa.com\/ca\/catalogo\/illuminacio-per-a-piscines\/\"]}]},{\"@type\":\"ImageObject\",\"inLanguage\":\"ca\",\"@id\":\"https:\/\/www.reindesa.com\/ca\/catalogo\/illuminacio-per-a-piscines\/#primaryimage\",\"url\":\"https:\/\/www.reindesa.com\/wp-content\/uploads\/2026\/04\/c68b9be4-ccbf-40fc-8a80-48e768a2b344.jpeg\",\"contentUrl\":\"https:\/\/www.reindesa.com\/wp-content\/uploads\/2026\/04\/c68b9be4-ccbf-40fc-8a80-48e768a2b344.jpeg\",\"width\":2048,\"height\":1536},{\"@type\":\"BreadcrumbList\",\"@id\":\"https:\/\/www.reindesa.com\/ca\/catalogo\/illuminacio-per-a-piscines\/#breadcrumb\",\"itemListElement\":[{\"@type\":\"ListItem\",\"position\":1,\"name\":\"Portada\",\"item\":\"https:\/\/www.reindesa.com\/ca\/\"},{\"@type\":\"ListItem\",\"position\":2,\"name\":\"Cat\u00e0leg\",\"item\":\"https:\/\/www.reindesa.com\/ca\/cataleg\/\"},{\"@type\":\"ListItem\",\"position\":3,\"name\":\"Il\u00b7luminaci\u00f3 per a piscines\"}]},{\"@type\":\"WebSite\",\"@id\":\"https:\/\/www.reindesa.com\/ca\/#website\",\"url\":\"https:\/\/www.reindesa.com\/ca\/\",\"name\":\"Reindesa Piscines - Construcci\u00f3n y Mantenimiento de Piscinas\",\"description\":\"Expertos en piscinas desde 1968 en Barcelona, Girona y Tarragona\",\"publisher\":{\"@id\":\"https:\/\/www.reindesa.com\/ca\/#organization\"},\"potentialAction\":[{\"@type\":\"SearchAction\",\"target\":{\"@type\":\"EntryPoint\",\"urlTemplate\":\"https:\/\/www.reindesa.com\/ca\/?s={search_term_string}\"},\"query-input\":{\"@type\":\"PropertyValueSpecification\",\"valueRequired\":true,\"valueName\":\"search_term_string\"}}],\"inLanguage\":\"ca\"},{\"@type\":\"Organization\",\"@id\":\"https:\/\/www.reindesa.com\/ca\/#organization\",\"name\":\"Reindesa Piscines - Construcci\u00f3n y Mantenimiento de Piscinas\",\"url\":\"https:\/\/www.reindesa.com\/ca\/\",\"logo\":{\"@type\":\"ImageObject\",\"inLanguage\":\"ca\",\"@id\":\"https:\/\/www.reindesa.com\/ca\/#\/schema\/logo\/image\/\",\"url\":\"https:\/\/www.reindesa.com\/wp-content\/uploads\/2026\/02\/logo_insta.jpg\",\"contentUrl\":\"https:\/\/www.reindesa.com\/wp-content\/uploads\/2026\/02\/logo_insta.jpg\",\"width\":150,\"height\":150,\"caption\":\"Reindesa Piscines - Construcci\u00f3n y Mantenimiento de Piscinas\"},\"image\":{\"@id\":\"https:\/\/www.reindesa.com\/ca\/#\/schema\/logo\/image\/\"}}]}<\/script>\n<!-- \/ Yoast SEO plugin. -->","yoast_head_json":{"title":"Il\u00b7luminaci\u00f3 per a piscines - Reindesa Piscines - Construcci\u00f3n y Mantenimiento de Piscinas","robots":{"index":"index","follow":"follow","max-snippet":"max-snippet:-1","max-image-preview":"max-image-preview:large","max-video-preview":"max-video-preview:-1"},"canonical":"https:\/\/www.reindesa.com\/ca\/catalogo\/illuminacio-per-a-piscines\/","og_locale":"ca_ES","og_type":"article","og_title":"Il\u00b7luminaci\u00f3 per a piscines - Reindesa Piscines - Construcci\u00f3n y Mantenimiento de Piscinas","og_description":"La il\u00b7luminaci\u00f3 de piscines no \u00e9s nom\u00e9s un element decoratiu, sin\u00f3 una part fonamental de la seguretat i l'oci nocturn de la zona de bany. Els nostres projectors i focus per a piscines transformen l'ambient del jard\u00ed i la piscina, creen atmosferes \u00faniques i acollidores. La tecnologia LED \u00e9s estrella de la il\u00b7luminaci\u00f3 subaqu\u00e0tica, ja que ofereix un gran ventall de possibilitats amb un consum energ\u00e8tic m\u00ednim.   Disposem de solucions d'il\u00b7luminaci\u00f3 LED tant per a piscines de nova construcci\u00f3 com per a la substituci\u00f3 de focus hal\u00f2gens antics.  Tipus d'il\u00b7luminaci\u00f3:   Focus\/Projectors LED (PAR56): El format est\u00e0ndard per reempla\u00e7ar els llums hal\u00f2gens de 300W. Ofereixen alta lluminositat i un gran estalvi energ\u00e8tic. Disponibles en llum blanca (c\u00e0lida o freda) per a un ambient cl\u00e0ssic i en LED RGB per a il\u00b7luminaci\u00f3 de colors i cromoter\u00e0pia.   Focus plans LED: Dissenyats per a una instal\u00b7laci\u00f3 en superf\u00edcie (sense n\u00ednxol) en piscines existents, s\u00f3n compactes i f\u00e0cils d'instal\u00b7lar.  Il\u00b7luminaci\u00f3 de fibra \u00f2ptica: Crea un efecte de \"cel estrellat\" o il\u00b7luminaci\u00f3 perimetral subtil, ideal per a un disseny m\u00e9s avantguardista o spas.  Minifocus i punts de llum: Petits focus ideals per a escales, zones de platja o spas, proporcionant punts de llum estrat\u00e8gics.  Sistemes de control: Comandaments a dist\u00e0ncia i quadres de control per gestionar els canvis de color, les seq\u00fc\u00e8ncies i l'encesa\/apagada dels focus RGB.  &nbsp;  La il\u00b7luminaci\u00f3 LED per a piscines \u00e9s duradora i segura (baix voltatge). Tria focus amb protecci\u00f3 IP68 i materials resistents als productes qu\u00edmics. Amb els nostres sistemes LED RGB, podreu seleccionar entre m\u00faltiples colors i seq\u00fc\u00e8ncies programades, afegint un toc espectacular a les nits d'estiu.","og_url":"https:\/\/www.reindesa.com\/ca\/catalogo\/illuminacio-per-a-piscines\/","og_site_name":"Reindesa Piscines - Construcci\u00f3n y Mantenimiento de Piscinas","article_modified_time":"2026-04-20T09:34:43+00:00","og_image":[{"width":2048,"height":1536,"url":"https:\/\/www.reindesa.com\/wp-content\/uploads\/2026\/04\/c68b9be4-ccbf-40fc-8a80-48e768a2b344.jpeg","type":"image\/jpeg"}],"twitter_card":"summary_large_image","twitter_misc":{"Temps estimat de lectura":"2 minuts"},"schema":{"@context":"https:\/\/schema.org","@graph":[{"@type":"WebPage","@id":"https:\/\/www.reindesa.com\/ca\/catalogo\/illuminacio-per-a-piscines\/","url":"https:\/\/www.reindesa.com\/ca\/catalogo\/illuminacio-per-a-piscines\/","name":"Il\u00b7luminaci\u00f3 per a piscines - Reindesa Piscines - Construcci\u00f3n y Mantenimiento de Piscinas","isPartOf":{"@id":"https:\/\/www.reindesa.com\/ca\/#website"},"primaryImageOfPage":{"@id":"https:\/\/www.reindesa.com\/ca\/catalogo\/illuminacio-per-a-piscines\/#primaryimage"},"image":{"@id":"https:\/\/www.reindesa.com\/ca\/catalogo\/illuminacio-per-a-piscines\/#primaryimage"},"thumbnailUrl":"https:\/\/www.reindesa.com\/wp-content\/uploads\/2026\/04\/c68b9be4-ccbf-40fc-8a80-48e768a2b344.jpeg","datePublished":"2026-04-14T16:14:52+00:00","dateModified":"2026-04-20T09:34:43+00:00","breadcrumb":{"@id":"https:\/\/www.reindesa.com\/ca\/catalogo\/illuminacio-per-a-piscines\/#breadcrumb"},"inLanguage":"ca","potentialAction":[{"@type":"ReadAction","target":["https:\/\/www.reindesa.com\/ca\/catalogo\/illuminacio-per-a-piscines\/"]}]},{"@type":"ImageObject","inLanguage":"ca","@id":"https:\/\/www.reindesa.com\/ca\/catalogo\/illuminacio-per-a-piscines\/#primaryimage","url":"https:\/\/www.reindesa.com\/wp-content\/uploads\/2026\/04\/c68b9be4-ccbf-40fc-8a80-48e768a2b344.jpeg","contentUrl":"https:\/\/www.reindesa.com\/wp-content\/uploads\/2026\/04\/c68b9be4-ccbf-40fc-8a80-48e768a2b344.jpeg","width":2048,"height":1536},{"@type":"BreadcrumbList","@id":"https:\/\/www.reindesa.com\/ca\/catalogo\/illuminacio-per-a-piscines\/#breadcrumb","itemListElement":[{"@type":"ListItem","position":1,"name":"Portada","item":"https:\/\/www.reindesa.com\/ca\/"},{"@type":"ListItem","position":2,"name":"Cat\u00e0leg","item":"https:\/\/www.reindesa.com\/ca\/cataleg\/"},{"@type":"ListItem","position":3,"name":"Il\u00b7luminaci\u00f3 per a piscines"}]},{"@type":"WebSite","@id":"https:\/\/www.reindesa.com\/ca\/#website","url":"https:\/\/www.reindesa.com\/ca\/","name":"Reindesa Piscines - Construcci\u00f3n y Mantenimiento de Piscinas","description":"Expertos en piscinas desde 1968 en Barcelona, Girona y Tarragona","publisher":{"@id":"https:\/\/www.reindesa.com\/ca\/#organization"},"potentialAction":[{"@type":"SearchAction","target":{"@type":"EntryPoint","urlTemplate":"https:\/\/www.reindesa.com\/ca\/?s={search_term_string}"},"query-input":{"@type":"PropertyValueSpecification","valueRequired":true,"valueName":"search_term_string"}}],"inLanguage":"ca"},{"@type":"Organization","@id":"https:\/\/www.reindesa.com\/ca\/#organization","name":"Reindesa Piscines - Construcci\u00f3n y Mantenimiento de Piscinas","url":"https:\/\/www.reindesa.com\/ca\/","logo":{"@type":"ImageObject","inLanguage":"ca","@id":"https:\/\/www.reindesa.com\/ca\/#\/schema\/logo\/image\/","url":"https:\/\/www.reindesa.com\/wp-content\/uploads\/2026\/02\/logo_insta.jpg","contentUrl":"https:\/\/www.reindesa.com\/wp-content\/uploads\/2026\/02\/logo_insta.jpg","width":150,"height":150,"caption":"Reindesa Piscines - Construcci\u00f3n y Mantenimiento de Piscinas"},"image":{"@id":"https:\/\/www.reindesa.com\/ca\/#\/schema\/logo\/image\/"}}]}},"acf":[],"_links":{"self":[{"href":"https:\/\/www.reindesa.com\/ca\/wp-json\/wp\/v2\/product\/6432","targetHints":{"allow":["GET"]}}],"collection":[{"href":"https:\/\/www.reindesa.com\/ca\/wp-json\/wp\/v2\/product"}],"about":[{"href":"https:\/\/www.reindesa.com\/ca\/wp-json\/wp\/v2\/types\/product"}],"wp:featuredmedia":[{"embeddable":true,"href":"https:\/\/www.reindesa.com\/ca\/wp-json\/wp\/v2\/media\/6431"}],"wp:attachment":[{"href":"https:\/\/www.reindesa.com\/ca\/wp-json\/wp\/v2\/media?parent=6432"}],"wp:term":[{"taxonomy":"product_brand","embeddable":true,"href":"https:\/\/www.reindesa.com\/ca\/wp-json\/wp\/v2\/product_brand?post=6432"},{"taxonomy":"product_cat","embeddable":true,"href":"https:\/\/www.reindesa.com\/ca\/wp-json\/wp\/v2\/product_cat?post=6432"},{"taxonomy":"product_tag","embeddable":true,"href":"https:\/\/www.reindesa.com\/ca\/wp-json\/wp\/v2\/product_tag?post=6432"}],"curies":[{"name":"wp","href":"https:\/\/api.w.org\/{rel}","templated":true}]}}